{"id":6432,"date":"2023-05-17T10:39:06","date_gmt":"2023-05-17T09:39:06","guid":{"rendered":"https:\/\/www.levo.ch\/produkte\/c3\/"},"modified":"2025-04-25T14:15:39","modified_gmt":"2025-04-25T13:15:39","slug":"c3","status":"publish","type":"page","link":"https:\/\/www.levo.ch\/de\/produkte\/c3\/","title":{"rendered":"C3"},"content":{"rendered":"<p>[et_pb_section fb_built=&#8220;1&#8243; prev_background_color=&#8220;#ffffff&#8220; admin_label=&#8220;Main&#8220; _builder_version=&#8220;4.27.4&#8243; _module_preset=&#8220;default&#8220; background_enable_color=&#8220;off&#8220; use_background_color_gradient=&#8220;on&#8220; background_color_gradient_stops=&#8220;#d6d6d6 0%|#ffffff 100%&#8220; background_enable_image=&#8220;off&#8220; height_tablet=&#8220;600px&#8220; height_phone=&#8220;&#8220; height_last_edited=&#8220;on|phone&#8220; custom_padding=&#8220;||||false|false&#8220; top_divider_style=&#8220;wave2&#8243; global_colors_info=&#8220;{}&#8220;][et_pb_row column_structure=&#8220;2_5,3_5&#8243; use_custom_gutter=&#8220;on&#8220; admin_label=&#8220;Reihe&#8220; _builder_version=&#8220;4.27.4&#8243; _module_preset=&#8220;default&#8220; locked=&#8220;off&#8220; global_colors_info=&#8220;{}&#8220;][et_pb_column type=&#8220;2_5&#8243; _builder_version=&#8220;4.16&#8243; _module_preset=&#8220;default&#8220; global_colors_info=&#8220;{}&#8220;][et_pb_text _builder_version=&#8220;4.27.4&#8243; _module_preset=&#8220;default&#8220; text_font_size=&#8220;20px&#8220; text_line_height=&#8220;1.3em&#8220; header_font=&#8220;Montserrat||||||||&#8220; header_font_size=&#8220;45px&#8220; custom_padding=&#8220;70px||||false|false&#8220; header_font_size_tablet=&#8220;40px&#8220; header_font_size_phone=&#8220;40px&#8220; header_font_size_last_edited=&#8220;on|tablet&#8220; global_colors_info=&#8220;{}&#8220;]<\/p>\n<h1>LEVO <span style=\"color: #ff0000;\">C3<\/span><\/h1>\n<p><span style=\"color: #ff0000;\"><\/span><\/p>\n<p>Erleben Sie den ultimativen elektrischen Stehrollstuhl. Der LEVO C\u00b3 ist kompakt, wendig, einfach zu handhaben und \u00e4u\u00dferst leistungsstark. Perfekt f\u00fcr aktive Menschen unterwegs. Geh\u00f6ren Bordsteine zu Ihrem t\u00e4glichen Arbeitsweg? Kein Problem mit dem LEVO C\u00b3-Antriebssystem, das eine wendige Mittelfu\u00dfbasis in eine kraftvolle, kletternde Allradantriebsbasis verwandelt. F\u00fcr Klassenr\u00e4ume, Arbeit oder zu Hause verf\u00fcgen Sie zudem \u00fcber den engen Wendekreis und die wendige Man\u00f6vrierf\u00e4higkeit einer Mittelfu\u00dfbasis.     <\/p>\n<p>Der LEVO C\u00b3 beinhaltet eine neue Generation von Fortschritten in den ber\u00fchmten LEVO-Stehsystemen mit geringer Scherung. Unglaublich sanfter \u00dcbergang in den Stand, einschlie\u00dflich der automatischen Anpassung des Radstands. Jetzt haben Sie eine Vorderradantriebsbasis f\u00fcr unvergleichliche Fahrstabilit\u00e4t und Reaktionsf\u00e4higkeit in der Stehposition.  <\/p>\n<p>[\/et_pb_text][\/et_pb_column][et_pb_column type=&#8220;3_5&#8243; _builder_version=&#8220;4.16&#8243; _module_preset=&#8220;default&#8220; global_colors_info=&#8220;{}&#8220;][et_pb_image src=&#8220;https:\/\/www.test.levo.ch\/wp-content\/uploads\/2023\/06\/C3_750x750_seat.png&#8220; title_text=&#8220;C3_750x750_seat&#8220; align=&#8220;right&#8220; _builder_version=&#8220;4.27.4&#8243; _module_preset=&#8220;default&#8220; custom_margin=&#8220;||||false|false&#8220; scroll_vertical_motion=&#8220;0|100|100|100|4|0|-4&#8243; scroll_horizontal_motion=&#8220;12|84|84|84|4|0|-4&#8243; scroll_blur=&#8220;0|17|84|100|10|0|0&#8243; global_colors_info=&#8220;{}&#8220;][\/et_pb_image][\/et_pb_column][\/et_pb_row][\/et_pb_section][et_pb_section fb_built=&#8220;1&#8243; admin_label=&#8220;IN CONTROL&#8220; _builder_version=&#8220;4.27.4&#8243; _module_preset=&#8220;default&#8220; background_enable_color=&#8220;off&#8220; positioning=&#8220;none&#8220; global_colors_info=&#8220;{}&#8220;][et_pb_row use_custom_gutter=&#8220;on&#8220; admin_label=&#8220;IN CONTROL&#8220; _builder_version=&#8220;4.27.4&#8243; _module_preset=&#8220;default&#8220; custom_padding=&#8220;||||false|false&#8220; global_colors_info=&#8220;{}&#8220;][et_pb_column type=&#8220;4_4&#8243; _builder_version=&#8220;4.21.0&#8243; _module_preset=&#8220;default&#8220; global_colors_info=&#8220;{}&#8220;][et_pb_text admin_label=&#8220;IN CONTROL TEXT&#8220; _builder_version=&#8220;4.27.2&#8243; _module_preset=&#8220;default&#8220; text_font=&#8220;Montserrat|||on|||||&#8220; text_text_color=&#8220;#000000&#8243; text_font_size=&#8220;60px&#8220; text_line_height=&#8220;1em&#8220; background_color=&#8220;RGBA(255,255,255,0)&#8220; custom_margin=&#8220;50px||||false|false&#8220; custom_padding=&#8220;0px||50px||false|false&#8220; text_font_size_tablet=&#8220;100px&#8220; text_font_size_phone=&#8220;60px&#8220; text_font_size_last_edited=&#8220;on|phone&#8220; global_colors_info=&#8220;{}&#8220;]<\/p>\n<p style=\"text-align: center;\"><span style=\"color: #0000000;\">IN <span style=\"color: #ff0000;\">CONTROL<\/span><br \/><\/span><\/p>\n<p>[\/et_pb_text][\/et_pb_column][\/et_pb_row][\/et_pb_section][et_pb_section fb_built=&#8220;1&#8243; admin_label=&#8220;CONTROL ELECTRONICS&#8220; _builder_version=&#8220;4.27.0&#8243; _module_preset=&#8220;default&#8220; custom_padding=&#8220;20px||||false|false&#8220; global_colors_info=&#8220;{}&#8220;][et_pb_row column_structure=&#8220;1_2,1_2&#8243; _builder_version=&#8220;4.27.0&#8243; _module_preset=&#8220;default&#8220; z_index=&#8220;0&#8243; custom_margin=&#8220;0px||||false|false&#8220; custom_padding=&#8220;||||false|false&#8220; global_colors_info=&#8220;{}&#8220;][et_pb_column type=&#8220;1_2&#8243; admin_label=&#8220;VR2&#8243; _builder_version=&#8220;4.27.0&#8243; _module_preset=&#8220;default&#8220; global_colors_info=&#8220;{}&#8220;][et_pb_text admin_label=&#8220;VR2 TEXT&#8220; _builder_version=&#8220;4.27.0&#8243; _module_preset=&#8220;default&#8220; text_font_size=&#8220;20px&#8220; text_line_height=&#8220;1.3em&#8220; custom_margin=&#8220;||150px||false|false&#8220; global_colors_info=&#8220;{}&#8220;]<\/p>\n<p>Der C\u00b3 wird standardm\u00e4\u00dfig mit dem Curtiss-Wright (CW) VR2-Steuersystem geliefert. Dieses leistungsstarke System hat sich in Bezug auf Sicherheit und Haltbarkeit bew\u00e4hrt, ohne Kompromisse bei Ergonomie und Fahreigenschaften einzugehen. VR2 kann 2 Aktuatoren steuern und seine Fahreigenschaften sind vollst\u00e4ndig programmierbar, um den Bed\u00fcrfnissen des Endnutzers gerecht zu werden. Weitere VR2-Steuermodule, wie ein Beleuchtungsmodul und ein Begleitpersonensteuermodul, sind verf\u00fcgbar, um das VR2-Steuersystem zu erweitern.   <\/p>\n<p>[\/et_pb_text][et_pb_image src=&#8220;https:\/\/www.test.levo.ch\/wp-content\/uploads\/2023\/06\/VR2.png&#8220; title_text=&#8220;VR2&#8243; show_bottom_space=&#8220;off&#8220; align=&#8220;center&#8220; _builder_version=&#8220;4.27.4&#8243; _module_preset=&#8220;default&#8220; transform_scale_tablet=&#8220;&#8220; transform_scale_phone=&#8220;&#8220; transform_scale_last_edited=&#8220;on|desktop&#8220; transform_translate=&#8220;0px|108px&#8220; transform_translate_tablet=&#8220;0px|0px&#8220; transform_translate_phone=&#8220;0px|0px&#8220; transform_translate_last_edited=&#8220;on|desktop&#8220; transform_translate_linked=&#8220;off&#8220; transform_rotate_tablet=&#8220;&#8220; transform_rotate_phone=&#8220;&#8220; transform_rotate_last_edited=&#8220;on|desktop&#8220; transform_skew_tablet=&#8220;&#8220; transform_skew_phone=&#8220;&#8220; transform_skew_last_edited=&#8220;on|desktop&#8220; transform_origin_tablet=&#8220;&#8220; transform_origin_phone=&#8220;&#8220; transform_origin_last_edited=&#8220;on|desktop&#8220; transform_styles_last_edited=&#8220;on|desktop&#8220; min_height=&#8220;489.4px&#8220; custom_margin=&#8220;0px||||false|false&#8220; custom_padding=&#8220;0px||0px||false|false&#8220; transform_styles_tablet=&#8220;&#8220; transform_styles_phone=&#8220;&#8220; global_colors_info=&#8220;{}&#8220;][\/et_pb_image][\/et_pb_column][et_pb_column type=&#8220;1_2&#8243; admin_label=&#8220;R-NET&#8220; _builder_version=&#8220;4.27.0&#8243; _module_preset=&#8220;default&#8220; global_colors_info=&#8220;{}&#8220;][et_pb_text admin_label=&#8220;R-NET TEXT&#8220; _builder_version=&#8220;4.27.4&#8243; _module_preset=&#8220;default&#8220; text_font_size=&#8220;20px&#8220; text_line_height=&#8220;1.3em&#8220; hover_enabled=&#8220;0&#8243; global_colors_info=&#8220;{}&#8220; sticky_enabled=&#8220;0&#8243;]<\/p>\n<p>Wenn mehr als 2 Aktuatoren oder spezielle Steuerungen ben\u00f6tigt werden, kann der C\u00b3 mit dem CW R-Net-System ausgestattet werden. R-net ist anpassbar und erweiterbar mit Modulen f\u00fcr Beleuchtung und mehrere Sitzfunktionen, Begleitpersonensteuerung, Umgebungssteuerung und sogar Gyro*. <br \/>R-Net kann mit verschiedenen Fahrprofilen und Steuerungsmodi programmiert werden, um es auf den Endnutzer abzustimmen und das ultimative Rollstuhlfahr-Erlebnis zu bieten.<\/p>\n<p>Wenn ein spezielles Eingabeger\u00e4t zur Steuerung des Rollstuhls und\/oder anderer Funktionen ben\u00f6tigt wird, hat R-Net die F\u00e4higkeit, mit diesen verschiedenen Ger\u00e4ten \u00fcber Omni zu kommunizieren. Omni ist das generische Schnittstellenmodul, wenn die Steuerung eines Rollstuhls \u00fcber die Standardsteuerungen nicht offensichtlich ist. Bitte folgen Sie diesem <a href=\"https:\/\/www.levo.ch\/de\/produkte\/spezielle-steuerungen\/\">Link<\/a>, um mehr \u00fcber die speziellen Steuerungen zu erfahren, die LEVO Ihnen anbieten kann.  <\/p>\n<p>&nbsp;<\/p>\n<p>* Nur in Europa erh\u00e4ltlich<\/p>\n<p>[\/et_pb_text][et_pb_image src=&#8220;https:\/\/www.test.levo.ch\/wp-content\/uploads\/2023\/06\/RNET.jpg&#8220; title_text=&#8220;RNET&#8220; show_bottom_space=&#8220;off&#8220; align=&#8220;center&#8220; _builder_version=&#8220;4.27.4&#8243; _module_preset=&#8220;default&#8220; global_colors_info=&#8220;{}&#8220;][\/et_pb_image][\/et_pb_column][\/et_pb_row][\/et_pb_section][et_pb_section fb_built=&#8220;1&#8243; admin_label=&#8220;Tabs&#8220; _builder_version=&#8220;4.27.4&#8243; _module_preset=&#8220;default&#8220; background_color=&#8220;#D6D6D6&#8243; positioning=&#8220;none&#8220; z_index=&#8220;2&#8243; custom_margin=&#8220;||||false|false&#8220; custom_padding=&#8220;||||false|false&#8220; sticky_limit_bottom=&#8220;body&#8220; global_colors_info=&#8220;{}&#8220;][et_pb_row _builder_version=&#8220;4.27.0&#8243; _module_preset=&#8220;default&#8220; custom_margin=&#8220;||||false|false&#8220; custom_padding=&#8220;50px||50px||false|false&#8220; global_colors_info=&#8220;{}&#8220;][et_pb_column type=&#8220;4_4&#8243; admin_label=&#8220;Spalte&#8220; _builder_version=&#8220;4.21.0&#8243; _module_preset=&#8220;default&#8220; global_colors_info=&#8220;{}&#8220;][dsm_advanced_tabs dsm_show_arrow=&#8220;on&#8220; dsm_inner_content_animation=&#8220;zoomIn&#8220; dsm_tabs_gap=&#8220;0px&#8220; dsm_tabs_bg_color=&#8220;#000000&#8243; dsm_tabs_text_color=&#8220;#FFFFFF&#8220; dsm_tabs_active_text_color=&#8220;#000000&#8243; dsm_tabs_wrapper_width=&#8220;100%&#8220; dsm_show_arrow_tablet=&#8220;on&#8220; dsm_show_arrow_phone=&#8220;off&#8220; dsm_show_arrow_last_edited=&#8220;on|desktop&#8220; _builder_version=&#8220;4.27.0&#8243; _module_preset=&#8220;default&#8220; tab_title_font=&#8220;Montserrat|||on|||||&#8220; tab_title_text_align=&#8220;left&#8220; tab_title_font_size=&#8220;16px&#8220; content_title_font=&#8220;Montserrat||||||||&#8220; tab_content_text_font=&#8220;Montserrat|700|||||||&#8220; tab_content_text_font_size=&#8220;19px&#8220; background_color=&#8220;#000000&#8243; global_colors_info=&#8220;{}&#8220;][dsm_advanced_tabs_child dsm_title=&#8220;Antriebseinheit&#8220; dsm_content=&#8220;<\/p>\n<ul>\n<li>4WD: vier angetriebene R\u00e4der f\u00fcr perfekte Traktion und Agilit\u00e4t<\/li>\n<li>\u00dcberwindet Bordsteine bis zu 10 cm\/4%22<\/li>\n<li>Maximale sichere Steigung: 10\u00b0<\/li>\n<li>Gel\u00e4ndeg\u00e4ngigkeit\/Traktionsf\u00e4higkeit auf unebenem Untergrund<\/li>\n<li>Mehrfache Programmieroptionen<\/li>\n<li>Solide, sichere und zuverl\u00e4ssige Bremsoption<\/li>\n<\/ul>\n<p>&#8220; _builder_version=&#8220;4.27.0&#8243; _module_preset=&#8220;default&#8220; tab_content_text_text_color=&#8220;#FFFFFF&#8220; background_color=&#8220;#E02B20&#8243; background_enable_color=&#8220;on&#8220; global_colors_info=&#8220;{}&#8220; parentOrderClass=&#8220;dsm_advanced_tabs_0&#8243;][\/dsm_advanced_tabs_child][dsm_advanced_tabs_child dsm_title=&#8220;Lichter&#8220; dsm_content=&#8220;<\/p>\n<ul>\n<li>Benutzerfreundliche, einfache Handhabung<\/li>\n<li>Maximale Sicherheit in allen Positionen<\/li>\n<li>Kompakte Man\u00f6vrierf\u00e4higkeit f\u00fcr enge R\u00e4ume (Wendekreis 117 cm)<\/li>\n<li>Kleine Abmessungen, kompaktes Transportvolumen<\/li>\n<li>Hohe Batteriekapazit\u00e4t: Reichweite bis zu 25 km, optional bis zu 35 km<\/li>\n<li>Individuell und manuell einstellbar f\u00fcr Ober- und Unterschenkel, Fu\u00dfposition und R\u00fcckenwinkel<\/li>\n<li>Sitzbreite 32 bis 52 cm<\/li>\n<li>Benutzergewicht bis zu 140 kg<\/li>\n<li>Einfache Zug\u00e4nglichkeit f\u00fcr Wartung und Service-Updates<\/li>\n<\/ul>\n<p>&#8220; _builder_version=&#8220;4.27.0&#8243; _module_preset=&#8220;default&#8220; tab_content_text_text_color=&#8220;#FFFFFF&#8220; background_color=&#8220;#E02B20&#8243; background_enable_color=&#8220;on&#8220; global_colors_info=&#8220;{}&#8220; parentOrderClass=&#8220;dsm_advanced_tabs_0&#8243;][\/dsm_advanced_tabs_child][dsm_advanced_tabs_child dsm_title=&#8220;Sitzen und Stehen&#8220; dsm_content=&#8220;<\/p>\n<ul>\n<li>Automatische Verl\u00e4ngerung\/Anpassung der R\u00fccken- und Beinverl\u00e4ngerung beim \u00dcbergang zum Stehen und Sitzen<\/li>\n<li>System mit geringer Scherung<\/li>\n<li>Konstruierte St\u00fchle und Biomechanik in allen Sitz- und Stehpositionen<\/li>\n<li>Niedrige Sitzh\u00f6he f\u00fcr Transfer und Fahren unter Tischen<\/li>\n<li>Einfache Anpassung an individuelle K\u00f6rperma\u00dfe<\/li>\n<li>Zahlreiche gesundheitliche Vorteile durch h\u00e4ufigeres Stehen<\/li>\n<\/ul>\n<p>&#8220; _builder_version=&#8220;4.27.0&#8243; _module_preset=&#8220;default&#8220; tab_content_text_text_color=&#8220;#FFFFFF&#8220; background_color=&#8220;#E02B20&#8243; background_enable_color=&#8220;on&#8220; global_colors_info=&#8220;{}&#8220; parentOrderClass=&#8220;dsm_advanced_tabs_0&#8243;][\/dsm_advanced_tabs_child][dsm_advanced_tabs_child dsm_title=&#8220;Standardkonfiguration&#8220; dsm_content=&#8220;<\/p>\n<ul>\n<li>E\/E-Rollstuhl mit 4 aktiven R\u00e4dern<\/li>\n<li>System mit geringer Scherung<\/li>\n<li>Sitzst\u00fctzplatte<\/li>\n<li>Sitzh\u00f6he 48 cm<\/li>\n<li>V-Trak Axxis R\u00fccken<\/li>\n<li>Hochklappbare Armlehnen (h\u00f6hen-, winkel- und breitenverstellbar)<\/li>\n<li>VR2-Steuersystem von Curtiss-Wright mit 48 Ah Batterien<\/li>\n<li>Seitlich und nach hinten hochklappbare Fu\u00dfst\u00fctze mit rutschfester Oberfl\u00e4che<\/li>\n<li>Kniest\u00fctze abnehmbar (h\u00f6hen-, tiefen-, winkel- und breitenverstellbar)<\/li>\n<li>Fahrzeugbefestigungspunkte<\/li>\n<\/ul>\n<p>&#8220; _builder_version=&#8220;4.27.0&#8243; _module_preset=&#8220;default&#8220; tab_content_text_text_color=&#8220;#FFFFFF&#8220; background_color=&#8220;#E02B20&#8243; background_enable_color=&#8220;on&#8220; global_colors_info=&#8220;{}&#8220; parentOrderClass=&#8220;dsm_advanced_tabs_0&#8243;][\/dsm_advanced_tabs_child][dsm_advanced_tabs_child dsm_title=&#8220;Optionen und Zubeh\u00f6r&#8220; dsm_content=&#8220;<\/p>\n<ul>\n<li>Integrierte Kniest\u00fctze<\/li>\n<li>Sitzneigungsverstellung 0-35\u00b0<\/li>\n<li>Elektrisch verstellbare R\u00fcckenlehne, biomechanisch kompensiert<\/li>\n<li>Schwenkbarer Joystick<\/li>\n<li>Schaumstoffkissen mit Bezug<\/li>\n<li>Schwenkbares Tablett<\/li>\n<li>Oberschenkelst\u00fctze<\/li>\n<li>Brustrolle<\/li>\n<li>Beleuchtung und Blinker<\/li>\n<li>Alternative Steuerungen<\/li>\n<li>Schnellverschluss f\u00fcr Sitztiefe, Unterschenkell\u00e4nge und R\u00fcckenwinkel<\/li>\n<li>&#8230;und fragen Sie nach mehr!<\/li>\n<\/ul>\n<p>&#8220; _builder_version=&#8220;4.27.0&#8243; _module_preset=&#8220;default&#8220; tab_content_text_text_color=&#8220;#FFFFFF&#8220; background_color=&#8220;#E02B20&#8243; background_enable_color=&#8220;on&#8220; global_colors_info=&#8220;{}&#8220; parentOrderClass=&#8220;dsm_advanced_tabs_0&#8243;][\/dsm_advanced_tabs_child][\/dsm_advanced_tabs][\/et_pb_column][\/et_pb_row][\/et_pb_section][et_pb_section fb_built=&#8220;1&#8243; admin_label=&#8220;Downloads&#8220; _builder_version=&#8220;4.27.2&#8243; _module_preset=&#8220;default&#8220; background_color=&#8220;#D6D6D6&#8243; custom_margin=&#8220;||0px||false|false&#8220; custom_padding=&#8220;||60px||false|false&#8220; box_shadow_style=&#8220;preset3&#8243; global_colors_info=&#8220;{}&#8220;][et_pb_row admin_label=&#8220;Reihe&#8220; _builder_version=&#8220;4.21.0&#8243; _module_preset=&#8220;default&#8220; global_colors_info=&#8220;{}&#8220;][et_pb_column type=&#8220;4_4&#8243; admin_label=&#8220;Spalte&#8220; _builder_version=&#8220;4.21.0&#8243; _module_preset=&#8220;default&#8220; global_colors_info=&#8220;{}&#8220;][et_pb_text _builder_version=&#8220;4.27.2&#8243; _module_preset=&#8220;default&#8220; text_text_color=&#8220;#000000&#8243; text_font_size=&#8220;35px&#8220; text_orientation=&#8220;center&#8220; custom_margin=&#8220;40px||||false|false&#8220; global_colors_info=&#8220;{}&#8220;]<\/p>\n<p>Downloads f\u00fcr C3<\/p>\n<p>[\/et_pb_text][divi_wpfd_file_category category_id=&#8220;{%22categoryId%22:%22296%22,%22categoryPath%22:%22EN&#8212;C3_EN%22}&#8220; _builder_version=&#8220;4.27.3&#8243; _module_preset=&#8220;default&#8220; global_colors_info=&#8220;{}&#8220;][\/divi_wpfd_file_category][\/et_pb_column][\/et_pb_row][\/et_pb_section][et_pb_section fb_built=&#8220;1&#8243; admin_label=&#8220;Images&#8220; _builder_version=&#8220;4.27.2&#8243; _module_preset=&#8220;default&#8220; background_enable_color=&#8220;off&#8220; global_colors_info=&#8220;{%22gcid-d116008b-ce49-46ea-9433-049c9562a0bc%22:%91%22background_color%22%93}&#8220;][et_pb_row _builder_version=&#8220;4.21.0&#8243; _module_preset=&#8220;default&#8220; global_colors_info=&#8220;{}&#8220;][et_pb_column type=&#8220;4_4&#8243; admin_label=&#8220;Spalte&#8220; _builder_version=&#8220;4.21.0&#8243; _module_preset=&#8220;default&#8220; global_colors_info=&#8220;{}&#8220;][dsm_image_carousel gallery_ids=&#8220;1033,1034,1035,1036,1037,1038,1039,1040&#8243; sizes=&#8220;large&#8220; slider_effect=&#8220;cube&#8220; centered_slides=&#8220;on&#8220; slide_to_show=&#8220;3&#8243; speed=&#8220;2000&#8243; pause_on_hover=&#8220;on&#8220; show_lightbox=&#8220;on&#8220; _builder_version=&#8220;4.27.2&#8243; _module_preset=&#8220;default&#8220; custom_padding=&#8220;50px||50px||false|false&#8220; global_colors_info=&#8220;{}&#8220;][\/dsm_image_carousel][\/et_pb_column][\/et_pb_row][\/et_pb_section]<\/p>\n","protected":false},"excerpt":{"rendered":"<p>LEVO C3 Erleben Sie den ultimativen elektrischen Stehrollstuhl. Der LEVO C\u00b3 ist kompakt, wendig, einfach zu handhaben und \u00e4u\u00dferst leistungsstark. Perfekt f\u00fcr aktive Menschen unterwegs. Geh\u00f6ren Bordsteine zu Ihrem t\u00e4glichen Arbeitsweg? Kein Problem mit dem LEVO C\u00b3-Antriebssystem, das eine wendige Mittelfu\u00dfbasis in eine kraftvolle, kletternde Allradantriebsbasis verwandelt. F\u00fcr Klassenr\u00e4ume, Arbeit oder zu Hause verf\u00fcgen Sie zudem \u00fcber den engen Wendekreis und die wendige Man\u00f6vrierf\u00e4higkeit einer Mittelfu\u00dfbasis. Der LEVO C\u00b3 beinhaltet eine neue Generation von Fortschritten in den ber\u00fchmten LEVO-Stehsystemen mit geringer Scherung. Unglaublich sanfter \u00dcbergang in den Stand, einschlie\u00dflich der automatischen Anpassung des Radstands. Jetzt haben Sie eine Vorderradantriebsbasis f\u00fcr unvergleichliche Fahrstabilit\u00e4t und Reaktionsf\u00e4higkeit in der Stehposition. IN CONTROLDer C\u00b3 wird standardm\u00e4\u00dfig mit dem Curtiss-Wright (CW) VR2-Steuersystem geliefert. Dieses leistungsstarke System hat sich in Bezug auf Sicherheit und Haltbarkeit bew\u00e4hrt, ohne Kompromisse bei Ergonomie und Fahreigenschaften einzugehen. VR2 kann 2 Aktuatoren steuern und seine Fahreigenschaften sind vollst\u00e4ndig programmierbar, um den Bed\u00fcrfnissen des Endnutzers gerecht zu werden. Weitere VR2-Steuermodule, wie ein Beleuchtungsmodul und ein Begleitpersonensteuermodul, sind verf\u00fcgbar, um das VR2-Steuersystem zu erweitern. Wenn mehr als 2 Aktuatoren oder spezielle Steuerungen ben\u00f6tigt werden, kann der C\u00b3 mit dem CW R-Net-System ausgestattet werden. R-net ist anpassbar und erweiterbar mit Modulen f\u00fcr Beleuchtung und [&hellip;]<\/p>\n","protected":false},"author":1,"featured_media":0,"parent":6400,"menu_order":5,"comment_status":"closed","ping_status":"closed","template":"","meta":{"_et_pb_use_builder":"on","_et_pb_old_content":"","_et_gb_content_width":"","footnotes":""},"class_list":["post-6432","page","type-page","status-publish","hentry"],"_links":{"self":[{"href":"https:\/\/www.levo.ch\/de\/wp-json\/wp\/v2\/pages\/6432","targetHints":{"allow":["GET"]}}],"collection":[{"href":"https:\/\/www.levo.ch\/de\/wp-json\/wp\/v2\/pages"}],"about":[{"href":"https:\/\/www.levo.ch\/de\/wp-json\/wp\/v2\/types\/page"}],"author":[{"embeddable":true,"href":"https:\/\/www.levo.ch\/de\/wp-json\/wp\/v2\/users\/1"}],"replies":[{"embeddable":true,"href":"https:\/\/www.levo.ch\/de\/wp-json\/wp\/v2\/comments?post=6432"}],"version-history":[{"count":2,"href":"https:\/\/www.levo.ch\/de\/wp-json\/wp\/v2\/pages\/6432\/revisions"}],"predecessor-version":[{"id":6434,"href":"https:\/\/www.levo.ch\/de\/wp-json\/wp\/v2\/pages\/6432\/revisions\/6434"}],"up":[{"embeddable":true,"href":"https:\/\/www.levo.ch\/de\/wp-json\/wp\/v2\/pages\/6400"}],"wp:attachment":[{"href":"https:\/\/www.levo.ch\/de\/wp-json\/wp\/v2\/media?parent=6432"}],"curies":[{"name":"wp","href":"https:\/\/api.w.org\/{rel}","templated":true}]}}