{"id":6428,"date":"2023-06-20T14:36:21","date_gmt":"2023-06-20T13:36:21","guid":{"rendered":"https:\/\/www.levo.ch\/produkte\/lcm2\/"},"modified":"2025-04-25T14:15:31","modified_gmt":"2025-04-25T13:15:31","slug":"lcm2","status":"publish","type":"page","link":"https:\/\/www.levo.ch\/de\/produkte\/lcm2\/","title":{"rendered":"LCM2"},"content":{"rendered":"<p>[et_pb_section fb_built=&#8220;1&#8243; custom_padding_last_edited=&#8220;on|phone&#8220; prev_background_color=&#8220;#ffffff&#8220; admin_label=&#8220;Main&#8220; _builder_version=&#8220;4.27.4&#8243; _module_preset=&#8220;default&#8220; background_enable_color=&#8220;off&#8220; use_background_color_gradient=&#8220;on&#8220; background_color_gradient_stops=&#8220;#d6d6d6 0%|#ffffff 100%&#8220; background_enable_image=&#8220;off&#8220; z_index=&#8220;-310&#8243; custom_padding=&#8220;||20px||false|false&#8220; custom_padding_tablet=&#8220;20px||20px||false|false&#8220; custom_padding_phone=&#8220;||102px||false|false&#8220; top_divider_style=&#8220;wave2&#8243; global_colors_info=&#8220;{}&#8220;][et_pb_row column_structure=&#8220;2_5,3_5&#8243; admin_label=&#8220;Reihe&#8220; _builder_version=&#8220;4.21.0&#8243; _module_preset=&#8220;default&#8220; locked=&#8220;off&#8220; global_colors_info=&#8220;{}&#8220;][et_pb_column type=&#8220;2_5&#8243; _builder_version=&#8220;4.16&#8243; _module_preset=&#8220;default&#8220; global_colors_info=&#8220;{}&#8220;][et_pb_text _builder_version=&#8220;4.27.4&#8243; _module_preset=&#8220;default&#8220; text_font_size=&#8220;20px&#8220; text_line_height=&#8220;1.3em&#8220; header_font=&#8220;Montserrat||||||||&#8220; header_font_size=&#8220;45px&#8220; custom_padding=&#8220;70px||||false|false&#8220; header_font_size_tablet=&#8220;40px&#8220; header_font_size_phone=&#8220;40px&#8220; header_font_size_last_edited=&#8220;on|tablet&#8220; global_colors_info=&#8220;{}&#8220;]<\/p>\n<h1 style=\"text-align: left;\">LEVO <span style=\"color: #ff0000;\">LCM2<\/span><\/h1>\n<p><span style=\"color: #ff0000;\"><\/span><\/p>\n<p>LEVO ist stolz darauf, die neueste Erg\u00e4nzung der LEVO-Familie anzuk\u00fcndigen. Gestatten Sie uns, Ihnen den LEVO LCM2 vorzustellen! <\/p>\n<p>F\u00fcr all jene, die einen motorisierten Rollstuhl in kompakter Gr\u00f6\u00dfe ben\u00f6tigen und dennoch das beste Stehsystem genie\u00dfen m\u00f6chten, bietet LEVO nun den LEVO LCM2 an. Dank seiner geringen Abmessungen ist der LEVO LCM2 der ideale Begleiter f\u00fcr den Innenbereich und eignet sich zudem f\u00fcr Ausfl\u00fcge im Freien. Die gro\u00dfen Hinterr\u00e4der sowie die Kombination aus Lenkrollen und omnidirektionalen R\u00e4dern gew\u00e4hrleisten Stabilit\u00e4t und Man\u00f6vrierf\u00e4higkeit sowohl im Sitz- als auch im Stehbetrieb.  <\/p>\n<p>Das bew\u00e4hrte Stehsystem erm\u00f6glicht es Ihnen, mit einer Bewegung des Joysticks vom Sitzen zum Stehen zu wechseln oder jede beliebige Position dazwischen einzunehmen. Nunmehr k\u00f6nnen Sie sogar im Stehen fahren! <\/p>\n<p>[\/et_pb_text][\/et_pb_column][et_pb_column type=&#8220;3_5&#8243; _builder_version=&#8220;4.16&#8243; _module_preset=&#8220;default&#8220; global_colors_info=&#8220;{}&#8220;][et_pb_image src=&#8220;https:\/\/www.levo.ch\/wp-content\/uploads\/2024\/08\/LCM2_750x750_seat.png&#8220; title_text=&#8220;LCM2_750x750_seat&#8220; align=&#8220;right&#8220; _builder_version=&#8220;4.27.4&#8243; _module_preset=&#8220;default&#8220; custom_margin=&#8220;||||false|false&#8220; custom_margin_tablet=&#8220;||||false|false&#8220; custom_margin_phone=&#8220;||||false|false&#8220; custom_margin_last_edited=&#8220;on|desktop&#8220; custom_padding=&#8220;||||false|false&#8220; scroll_vertical_motion=&#8220;0|100|100|100|4|0|-4&#8243; scroll_horizontal_motion=&#8220;12|84|84|84|4|0|-4&#8243; scroll_blur=&#8220;0|17|84|100|10|0|0&#8243; hover_enabled=&#8220;0&#8243; global_colors_info=&#8220;{}&#8220; sticky_enabled=&#8220;0&#8243;][\/et_pb_image][\/et_pb_column][\/et_pb_row][\/et_pb_section][et_pb_section fb_built=&#8220;1&#8243; admin_label=&#8220;Simply brilliant&#8220; _builder_version=&#8220;4.27.4&#8243; _module_preset=&#8220;default&#8220; background_enable_color=&#8220;off&#8220; global_colors_info=&#8220;{}&#8220;][et_pb_row _builder_version=&#8220;4.27.0&#8243; _module_preset=&#8220;default&#8220; global_colors_info=&#8220;{}&#8220;][et_pb_column type=&#8220;4_4&#8243; _builder_version=&#8220;4.27.0&#8243; _module_preset=&#8220;default&#8220; global_colors_info=&#8220;{}&#8220;][et_pb_text _builder_version=&#8220;4.27.4&#8243; _module_preset=&#8220;default&#8220; text_font=&#8220;Montserrat|700||on|||||&#8220; text_text_color=&#8220;#000000&#8243; text_font_size=&#8220;100px&#8220; text_line_height=&#8220;1.9em&#8220; header_font=&#8220;Montserrat||||||||&#8220; header_font_size=&#8220;60px&#8220; text_orientation=&#8220;center&#8220; custom_margin=&#8220;50px||50px||false|false&#8220; custom_padding=&#8220;0px||||false|false&#8220; text_font_size_tablet=&#8220;100px&#8220; text_font_size_phone=&#8220;50px&#8220; text_font_size_last_edited=&#8220;on|desktop&#8220; header_font_size_tablet=&#8220;60px&#8220; header_font_size_phone=&#8220;40px&#8220; header_font_size_last_edited=&#8220;on|desktop&#8220; global_colors_info=&#8220;{}&#8220;]<\/p>\n<h1><span style=\"color: #000000;\">Schlichtweg<\/span> <span style=\"color: #ff0000;\">brillant<\/span><\/h1>\n<p>[\/et_pb_text][\/et_pb_column][\/et_pb_row][\/et_pb_section][et_pb_section fb_built=&#8220;1&#8243; admin_label=&#8220;Features&#8220; _builder_version=&#8220;4.27.0&#8243; _module_preset=&#8220;default&#8220; global_colors_info=&#8220;{}&#8220;][et_pb_row column_structure=&#8220;1_2,1_2&#8243; use_custom_gutter=&#8220;on&#8220; gutter_width=&#8220;3&#8243; make_equal=&#8220;on&#8220; _builder_version=&#8220;4.27.4&#8243; _module_preset=&#8220;default&#8220; z_index=&#8220;0&#8243; custom_margin=&#8220;0px||||false|false&#8220; custom_padding=&#8220;30px||||false|false&#8220; global_colors_info=&#8220;{}&#8220;][et_pb_column type=&#8220;1_2&#8243; _builder_version=&#8220;4.27.4&#8243; _module_preset=&#8220;default&#8220; global_colors_info=&#8220;{}&#8220;][et_pb_text _builder_version=&#8220;4.27.0&#8243; _module_preset=&#8220;default&#8220; text_font_size=&#8220;20px&#8220; text_line_height=&#8220;1.3em&#8220; custom_margin=&#8220;||150px||false|false&#8220; global_colors_info=&#8220;{}&#8220;]<\/p>\n<p>Ganz einfach. Wie der C3 ist auch der LCM2 serienm\u00e4\u00dfig mit dem Curtiss-Wright (CW) VR2-Steuerungssystem ausgestattet.  Dieses leistungsstarke System hat sich in Bezug auf Sicherheit und Langlebigkeit bew\u00e4hrt, ohne dabei Ergonomie und Fahreigenschaften zu beeintr\u00e4chtigen.<\/p>\n<p>VR2 ist in der Lage, zwei Aktuatoren zu steuern, und seine Fahreigenschaften sind vollst\u00e4ndig programmierbar, um den Bed\u00fcrfnissen des Endnutzers gerecht zu werden. Weitere VR2-Steuerungsmodule, wie ein Beleuchtungsmodul und ein Begleitpersonensteuerungsmodul, sind verf\u00fcgbar, um das VR2-Steuerungssystem zu erweitern. <\/p>\n<p>[\/et_pb_text][et_pb_image src=&#8220;https:\/\/www.levo.ch\/wp-content\/uploads\/2023\/06\/VR2.png&#8220; title_text=&#8220;VR2&#8243; align=&#8220;center&#8220; _builder_version=&#8220;4.27.4&#8243; _module_preset=&#8220;default&#8220; transform_translate=&#8220;0px|15px&#8220; transform_translate_linked=&#8220;off&#8220; width=&#8220;100%&#8220; hover_enabled=&#8220;0&#8243; global_colors_info=&#8220;{}&#8220; sticky_enabled=&#8220;0&#8243;][\/et_pb_image][\/et_pb_column][et_pb_column type=&#8220;1_2&#8243; _builder_version=&#8220;4.27.4&#8243; _module_preset=&#8220;default&#8220; global_colors_info=&#8220;{}&#8220;][et_pb_text _builder_version=&#8220;4.27.0&#8243; _module_preset=&#8220;default&#8220; text_font_size=&#8220;20px&#8220; text_line_height=&#8220;1.3em&#8220; global_colors_info=&#8220;{}&#8220;]<\/p>\n<p>Brillant. Wenn mehr als zwei Aktuatoren ben\u00f6tigt werden, kann LCM2 mit dem CW R-Net-System ausgestattet werden. <\/p>\n<p>R-net ist anpassungsf\u00e4hig und erweiterbar mit Modulen f\u00fcr Beleuchtung und multiple Sitzfunktionen, Begleitpersonensteuerung, Umgebungssteuerung und sogar Gyroskop*.<br \/>R-Net kann mit verschiedenen Fahrprofilen und Steuerungsmodi programmiert werden, um es auf den Endnutzer abzustimmen und das ultimative Rollstuhlfahr-Erlebnis zu bieten.<\/p>\n<h6>*nur in Europa verf\u00fcgbar<\/h6>\n<p>&nbsp;<\/p>\n<p>[\/et_pb_text][et_pb_image src=&#8220;https:\/\/www.levo.ch\/wp-content\/uploads\/2023\/06\/RNET.jpg&#8220; title_text=&#8220;RNET&#8220; show_bottom_space=&#8220;off&#8220; align=&#8220;center&#8220; _builder_version=&#8220;4.27.4&#8243; _module_preset=&#8220;default&#8220; transform_translate=&#8220;0px|17px&#8220; transform_translate_linked=&#8220;off&#8220; hover_enabled=&#8220;0&#8243; global_colors_info=&#8220;{}&#8220; sticky_enabled=&#8220;0&#8243;][\/et_pb_image][\/et_pb_column][\/et_pb_row][\/et_pb_section][et_pb_section fb_built=&#8220;1&#8243; admin_label=&#8220;Tabs&#8220; _builder_version=&#8220;4.27.4&#8243; _module_preset=&#8220;default&#8220; background_color=&#8220;#D6D6D6&#8243; z_index=&#8220;2&#8243; custom_margin=&#8220;||||false|false&#8220; custom_padding=&#8220;50px||50px||false|false&#8220; sticky_limit_bottom=&#8220;body&#8220; global_colors_info=&#8220;{}&#8220;][et_pb_row _builder_version=&#8220;4.27.0&#8243; _module_preset=&#8220;default&#8220; custom_margin=&#8220;||||false|false&#8220; custom_padding=&#8220;||||false|false&#8220; box_shadow_style=&#8220;preset2&#8243; global_colors_info=&#8220;{}&#8220;][et_pb_column type=&#8220;4_4&#8243; admin_label=&#8220;Spalte&#8220; _builder_version=&#8220;4.21.0&#8243; _module_preset=&#8220;default&#8220; global_colors_info=&#8220;{}&#8220;][dsm_advanced_tabs dsm_show_arrow=&#8220;on&#8220; dsm_inner_content_animation=&#8220;zoomIn&#8220; dsm_tabs_gap=&#8220;0px&#8220; dsm_tabs_bg_color=&#8220;#000000&#8243; dsm_tabs_text_color=&#8220;#FFFFFF&#8220; dsm_tabs_active_text_color=&#8220;#000000&#8243; dsm_tabs_wrapper_width=&#8220;100%&#8220; dsm_show_arrow_tablet=&#8220;on&#8220; dsm_show_arrow_phone=&#8220;off&#8220; dsm_show_arrow_last_edited=&#8220;on|phone&#8220; _builder_version=&#8220;4.27.0&#8243; _module_preset=&#8220;default&#8220; tab_title_font=&#8220;Montserrat|||on|||||&#8220; tab_title_text_align=&#8220;left&#8220; tab_title_font_size=&#8220;16px&#8220; content_title_font=&#8220;Montserrat||||||||&#8220; tab_content_text_font=&#8220;Montserrat|700|||||||&#8220; tab_content_text_font_size=&#8220;19px&#8220; background_color=&#8220;#000000&#8243; custom_margin=&#8220;||||false|false&#8220; custom_padding=&#8220;||||false|false&#8220; global_colors_info=&#8220;{}&#8220;][dsm_advanced_tabs_child dsm_title=&#8220;Lichter&#8220; dsm_content=&#8220;<\/p>\n<ul>\n<li>Gewicht von lediglich 100 kg<\/li>\n<li>Tragf\u00e4higkeit bis zu 125 kg<\/li>\n<li>Manuell einstellbar f\u00fcr Ober- und Unterschenkel sowie R\u00fcckenwinkel<\/li>\n<li>Benutzerfreundliche, einfache Handhabung<\/li>\n<li>Einfach konfigurierbar und an individuelle Bed\u00fcrfnisse anpassbar<\/li>\n<li>Einfacher Transfer<\/li>\n<li>Leichter Transport<\/li>\n<li>F\u00fcr den Innen- und Au\u00dfenbereich geeignet (EN 12184:2014 Klasse B)<\/li>\n<\/ul>\n<p>&#8220; _builder_version=&#8220;4.27.0&#8243; _module_preset=&#8220;default&#8220; tab_content_text_text_color=&#8220;#FFFFFF&#8220; background_color=&#8220;#E02B20&#8243; background_enable_color=&#8220;on&#8220; global_colors_info=&#8220;{}&#8220; parentOrderClass=&#8220;dsm_advanced_tabs_0&#8243;][\/dsm_advanced_tabs_child][dsm_advanced_tabs_child dsm_title=&#8220;Antriebseinheit&#8220; dsm_content=&#8220;<\/p>\n<ul>\n<li>Maximaler Fahrkomfort durch individuelle Programmierung<\/li>\n<li>Reichweite bis zu 31,5 km<\/li>\n<li>Gute Bordsteinf\u00e4higkeit in seiner Klasse aufgrund erh\u00f6hter Vorderr\u00e4der<\/li>\n<li>Kompaktes Transportvolumen im Vergleich zu anderen elektrischen Stehrollst\u00fchlen<\/li>\n<\/ul>\n<p>&#8220; _builder_version=&#8220;4.27.0&#8243; _module_preset=&#8220;default&#8220; tab_content_text_text_color=&#8220;#FFFFFF&#8220; background_color=&#8220;#E02B20&#8243; background_enable_color=&#8220;on&#8220; global_colors_info=&#8220;{}&#8220; parentOrderClass=&#8220;dsm_advanced_tabs_0&#8243;][\/dsm_advanced_tabs_child][dsm_advanced_tabs_child dsm_title=&#8220;Sitzen und Stehen&#8220; dsm_content=&#8220;<\/p>\n<ul>\n<li>Sitz-\/Stehsystem mit geringer Scherung (keine Kleidungsverschiebung)<\/li>\n<li>Vollst\u00e4ndige Stehposition bis zu 86\u00b0<\/li>\n<li>Minimale Sitzh\u00f6he f\u00fcr Transfer und Nutzung am Tisch<\/li>\n<li>Gesamtbreite wird aufgrund variabler Geometrie durch die Gr\u00f6\u00dfe des Nutzers bestimmt<\/li>\n<li>Sitzgr\u00f6\u00dfen geeignet f\u00fcr Kinder im Vorpubert\u00e4tsalter<\/li>\n<li>Sekund\u00e4re Steuerung kann bei Bedarf f\u00fcr Fahrt und Kontrolle durch Dritte positioniert werden<\/li>\n<\/ul>\n<p>&#8220; _builder_version=&#8220;4.27.0&#8243; _module_preset=&#8220;default&#8220; tab_content_text_text_color=&#8220;#FFFFFF&#8220; background_color=&#8220;#E02B20&#8243; background_enable_color=&#8220;on&#8220; global_colors_info=&#8220;{}&#8220; parentOrderClass=&#8220;dsm_advanced_tabs_0&#8243;][\/dsm_advanced_tabs_child][dsm_advanced_tabs_child dsm_title=&#8220;Standardkonfiguration&#8220; dsm_content=&#8220;<\/p>\n<ul>\n<li>E\/E-Rollstuhl mit aktiv angetriebenen Hinterr\u00e4dern<\/li>\n<li>Stehsystem mit geringer Scherung<\/li>\n<li>Hochklappbare Armlehnen (h\u00f6hen- und winkelverstellbar)<\/li>\n<li>VR2-Steuerungssystem von Curtiss-Wright mit 50 Ah Batterien<\/li>\n<li>Hochklappbare Fu\u00dfst\u00fctzen<\/li>\n<li>Verstellbare Kniest\u00fctze<\/li>\n<li>Fahrzeug-Befestigungspunkte<\/li>\n<li>Schwarze Antriebsr\u00e4der mit Blockprofil<\/li>\n<li>Standardfarbe Schwarz, 219 weitere Ausf\u00fchrungen optional<\/li>\n<\/ul>\n<p>&#8220; _builder_version=&#8220;4.27.0&#8243; _module_preset=&#8220;default&#8220; tab_content_text_text_color=&#8220;#FFFFFF&#8220; background_color=&#8220;#E02B20&#8243; background_enable_color=&#8220;on&#8220; global_colors_info=&#8220;{}&#8220; parentOrderClass=&#8220;dsm_advanced_tabs_0&#8243;][\/dsm_advanced_tabs_child][dsm_advanced_tabs_child dsm_title=&#8220;Optionen und Zubeh\u00f6r&#8220; dsm_content=&#8220;<\/p>\n<ul>\n<li>Sitzkissen<\/li>\n<li>Schwenkbarer Joystick<\/li>\n<li>Schwenkbares Tablett<\/li>\n<li>Oberschenkelst\u00fctze und Kleidungsschutz<\/li>\n<li>Brustrolle<\/li>\n<li>Beleuchtung und Blinker<\/li>\n<li>Begleitpersonensteuerung<\/li>\n<li>Kippschutzrollen<\/li>\n<li>V-Trak-R\u00fcckenlehne<\/li>\n<li>V-Trak Kopfst\u00fctze<\/li>\n<li>Schwarze V-Profil Antriebsr\u00e4der<\/li>\n<li>&#8230;und weiteres auf Anfrage!<\/li>\n<\/ul>\n<p>&#8220; _builder_version=&#8220;4.27.0&#8243; _module_preset=&#8220;default&#8220; tab_content_text_text_color=&#8220;#FFFFFF&#8220; background_color=&#8220;#E02B20&#8243; background_enable_color=&#8220;on&#8220; global_colors_info=&#8220;{}&#8220; parentOrderClass=&#8220;dsm_advanced_tabs_0&#8243;][\/dsm_advanced_tabs_child][\/dsm_advanced_tabs][\/et_pb_column][\/et_pb_row][\/et_pb_section][et_pb_section fb_built=&#8220;1&#8243; admin_label=&#8220;Downloads&#8220; _builder_version=&#8220;4.27.2&#8243; _module_preset=&#8220;default&#8220; background_color=&#8220;#D6D6D6&#8243; custom_margin=&#8220;||0px||false|false&#8220; custom_padding=&#8220;||60px||false|false&#8220; box_shadow_style=&#8220;preset3&#8243; global_colors_info=&#8220;{}&#8220;][et_pb_row admin_label=&#8220;Reihe&#8220; _builder_version=&#8220;4.21.0&#8243; _module_preset=&#8220;default&#8220; global_colors_info=&#8220;{}&#8220;][et_pb_column type=&#8220;4_4&#8243; admin_label=&#8220;Spalte&#8220; _builder_version=&#8220;4.21.0&#8243; _module_preset=&#8220;default&#8220; global_colors_info=&#8220;{}&#8220;][et_pb_text _builder_version=&#8220;4.27.4&#8243; _module_preset=&#8220;default&#8220; text_font=&#8220;Montserrat||||||||&#8220; text_text_color=&#8220;#000000&#8243; text_font_size=&#8220;35px&#8220; text_orientation=&#8220;center&#8220; custom_padding=&#8220;40px||||false|false&#8220; text_line_height_tablet=&#8220;&#8220; text_line_height_phone=&#8220;1.8em&#8220; text_line_height_last_edited=&#8220;on|tablet&#8220; global_colors_info=&#8220;{}&#8220;]<\/p>\n<p>Downloads f\u00fcr LCM2<\/p>\n<p>[\/et_pb_text][divi_wpfd_file_category category_id=&#8220;{%22categoryId%22:%22299%22,%22categoryPath%22:%22EN&#8212;LCM2_EN%22}&#8220; _builder_version=&#8220;4.27.3&#8243; _module_preset=&#8220;default&#8220; global_colors_info=&#8220;{}&#8220;][\/divi_wpfd_file_category][\/et_pb_column][\/et_pb_row][\/et_pb_section][et_pb_section fb_built=&#8220;1&#8243; admin_label=&#8220;Images&#8220; _builder_version=&#8220;4.27.2&#8243; _module_preset=&#8220;default&#8220; background_enable_color=&#8220;off&#8220; custom_padding=&#8220;50px||50px||false|false&#8220; global_colors_info=&#8220;{%22gcid-d116008b-ce49-46ea-9433-049c9562a0bc%22:%91%22background_color%22%93}&#8220;][et_pb_row _builder_version=&#8220;4.21.0&#8243; _module_preset=&#8220;default&#8220; global_colors_info=&#8220;{}&#8220;][et_pb_column type=&#8220;4_4&#8243; admin_label=&#8220;Spalte&#8220; _builder_version=&#8220;4.21.0&#8243; _module_preset=&#8220;default&#8220; global_colors_info=&#8220;{}&#8220;][dsm_image_carousel gallery_ids=&#8220;1445,1442&#8243; sizes=&#8220;large&#8220; slider_effect=&#8220;cube&#8220; centered_slides=&#8220;on&#8220; slide_to_show=&#8220;3&#8243; speed=&#8220;2000&#8243; pause_on_hover=&#8220;on&#8220; show_lightbox=&#8220;on&#8220; _builder_version=&#8220;4.27.0&#8243; _module_preset=&#8220;default&#8220; global_colors_info=&#8220;{}&#8220;][\/dsm_image_carousel][\/et_pb_column][\/et_pb_row][\/et_pb_section]<\/p>\n","protected":false},"excerpt":{"rendered":"<p>LEVO LCM2 LEVO ist stolz darauf, die neueste Erg\u00e4nzung der LEVO-Familie anzuk\u00fcndigen. Gestatten Sie uns, Ihnen den LEVO LCM2 vorzustellen! F\u00fcr all jene, die einen motorisierten Rollstuhl in kompakter Gr\u00f6\u00dfe ben\u00f6tigen und dennoch das beste Stehsystem genie\u00dfen m\u00f6chten, bietet LEVO nun den LEVO LCM2 an. Dank seiner geringen Abmessungen ist der LEVO LCM2 der ideale Begleiter f\u00fcr den Innenbereich und eignet sich zudem f\u00fcr Ausfl\u00fcge im Freien. Die gro\u00dfen Hinterr\u00e4der sowie die Kombination aus Lenkrollen und omnidirektionalen R\u00e4dern gew\u00e4hrleisten Stabilit\u00e4t und Man\u00f6vrierf\u00e4higkeit sowohl im Sitz- als auch im Stehbetrieb. Das bew\u00e4hrte Stehsystem erm\u00f6glicht es Ihnen, mit einer Bewegung des Joysticks vom Sitzen zum Stehen zu wechseln oder jede beliebige Position dazwischen einzunehmen. Nunmehr k\u00f6nnen Sie sogar im Stehen fahren! Schlichtweg brillantGanz einfach. Wie der C3 ist auch der LCM2 serienm\u00e4\u00dfig mit dem Curtiss-Wright (CW) VR2-Steuerungssystem ausgestattet. Dieses leistungsstarke System hat sich in Bezug auf Sicherheit und Langlebigkeit bew\u00e4hrt, ohne dabei Ergonomie und Fahreigenschaften zu beeintr\u00e4chtigen. VR2 ist in der Lage, zwei Aktuatoren zu steuern, und seine Fahreigenschaften sind vollst\u00e4ndig programmierbar, um den Bed\u00fcrfnissen des Endnutzers gerecht zu werden. Weitere VR2-Steuerungsmodule, wie ein Beleuchtungsmodul und ein Begleitpersonensteuerungsmodul, sind verf\u00fcgbar, um das VR2-Steuerungssystem zu erweitern. Brillant. Wenn mehr als zwei Aktuatoren ben\u00f6tigt [&hellip;]<\/p>\n","protected":false},"author":1,"featured_media":0,"parent":6400,"menu_order":7,"comment_status":"closed","ping_status":"closed","template":"","meta":{"_et_pb_use_builder":"on","_et_pb_old_content":"","_et_gb_content_width":"","footnotes":""},"class_list":["post-6428","page","type-page","status-publish","hentry"],"_links":{"self":[{"href":"https:\/\/www.levo.ch\/de\/wp-json\/wp\/v2\/pages\/6428","targetHints":{"allow":["GET"]}}],"collection":[{"href":"https:\/\/www.levo.ch\/de\/wp-json\/wp\/v2\/pages"}],"about":[{"href":"https:\/\/www.levo.ch\/de\/wp-json\/wp\/v2\/types\/page"}],"author":[{"embeddable":true,"href":"https:\/\/www.levo.ch\/de\/wp-json\/wp\/v2\/users\/1"}],"replies":[{"embeddable":true,"href":"https:\/\/www.levo.ch\/de\/wp-json\/wp\/v2\/comments?post=6428"}],"version-history":[{"count":1,"href":"https:\/\/www.levo.ch\/de\/wp-json\/wp\/v2\/pages\/6428\/revisions"}],"predecessor-version":[{"id":6431,"href":"https:\/\/www.levo.ch\/de\/wp-json\/wp\/v2\/pages\/6428\/revisions\/6431"}],"up":[{"embeddable":true,"href":"https:\/\/www.levo.ch\/de\/wp-json\/wp\/v2\/pages\/6400"}],"wp:attachment":[{"href":"https:\/\/www.levo.ch\/de\/wp-json\/wp\/v2\/media?parent=6428"}],"curies":[{"name":"wp","href":"https:\/\/api.w.org\/{rel}","templated":true}]}}