{"id":6425,"date":"2023-06-20T14:30:28","date_gmt":"2023-06-20T13:30:28","guid":{"rendered":"https:\/\/www.levo.ch\/produkte\/combi\/"},"modified":"2025-04-25T14:15:31","modified_gmt":"2025-04-25T13:15:31","slug":"combi","status":"publish","type":"page","link":"https:\/\/www.levo.ch\/de\/produkte\/combi\/","title":{"rendered":"Combi"},"content":{"rendered":"<p>[et_pb_section fb_built=&#8220;1&#8243; custom_padding_last_edited=&#8220;on|phone&#8220; prev_background_color=&#8220;#FFFFFF&#8220; admin_label=&#8220;Main&#8220; _builder_version=&#8220;4.27.4&#8243; _module_preset=&#8220;default&#8220; background_enable_color=&#8220;off&#8220; use_background_color_gradient=&#8220;on&#8220; background_color_gradient_stops=&#8220;#d6d6d6 0%|#ffffff 100%&#8220; background_enable_image=&#8220;off&#8220; custom_margin=&#8220;||0px||false|false&#8220; custom_padding=&#8220;||20px||false|false&#8220; custom_padding_tablet=&#8220;||20px||false|false&#8220; custom_padding_phone=&#8220;||||false|false&#8220; top_divider_style=&#8220;wave2&#8243; hover_enabled=&#8220;0&#8243; global_colors_info=&#8220;{}&#8220; sticky_enabled=&#8220;0&#8243;][et_pb_row column_structure=&#8220;2_5,3_5&#8243; admin_label=&#8220;Reihe&#8220; _builder_version=&#8220;4.27.0&#8243; _module_preset=&#8220;default&#8220; custom_padding=&#8220;||||false|false&#8220; locked=&#8220;off&#8220; global_colors_info=&#8220;{}&#8220;][et_pb_column type=&#8220;2_5&#8243; _builder_version=&#8220;4.27.4&#8243; _module_preset=&#8220;default&#8220; global_colors_info=&#8220;{}&#8220;][et_pb_text _builder_version=&#8220;4.27.4&#8243; _module_preset=&#8220;default&#8220; text_font=&#8220;||||||||&#8220; text_font_size=&#8220;20px&#8220; text_line_height=&#8220;1.3em&#8220; header_font=&#8220;Montserrat||||||||&#8220; header_font_size=&#8220;45px&#8220; custom_padding=&#8220;70px||||false|false&#8220; header_font_size_tablet=&#8220;40px&#8220; header_font_size_phone=&#8220;40px&#8220; header_font_size_last_edited=&#8220;on|phone&#8220; global_colors_info=&#8220;{}&#8220;]<\/p>\n<h1>LEVO <span style=\"color: #ff0000;\">COMBI<\/span><\/h1>\n<p><span style=\"color: #ff0000;\"><\/span><\/p>\n<p>Sie ben\u00f6tigen ein elektrisches Mobilit\u00e4tsger\u00e4t, w\u00fcnschen sich aber einen ma\u00dfgefertigten Rollstuhl, der sich in Ihren Alltag und Ihre Umgebung einf\u00fcgt? Hier ist der LEVO Combi. Der perfekte Mittelrad-Elektrorollstuhl mit Stehfunktion. Ein Design, das Man\u00f6vrierf\u00e4higkeit, Wendekreis und Gesamttraktion f\u00fcr die H\u00f6hen und Tiefen des Lebens maximiert. Das Sitzsystem auf der elektrischen Basis ist die beste Kombination aus Sitzen, Stehen und Neigen, die in der Branche angeboten wird.    <\/p>\n<p>Sie k\u00f6nnen sogar direkt von der vollen Liegeposition in die vollst\u00e4ndige Stehposition wechseln \u2013 sanft, sicher und mit der M\u00f6glichkeit, an jedem Punkt dazwischen anzuhalten. In jeder Position k\u00f6nnen Sie sich mit elektrischer Mobilit\u00e4t in der Welt bewegen \u2013 fahren, wenden, r\u00fcckw\u00e4rtsfahren \u2013 und das alles in jeder der vielf\u00e4ltigen und individuell angepassten Sitzpositionen, die Sie f\u00fcr Ihren Rollstuhl w\u00e4hlen. Der LEVO Combi man\u00f6vriert m\u00fchelos in Ihrem Zuhause, an Ihrem Arbeitsplatz, in Innenr\u00e4umen und im Freien, wobei stets Stabilit\u00e4t, Sicherheit und vielf\u00e4ltige Sitz- und Stehpositionen gew\u00e4hrleistet sind, um Ihre Lebensqualit\u00e4t zu verbessern und zu verl\u00e4ngern. <\/p>\n<p>[\/et_pb_text][\/et_pb_column][et_pb_column type=&#8220;3_5&#8243; _builder_version=&#8220;4.16&#8243; _module_preset=&#8220;default&#8220; global_colors_info=&#8220;{}&#8220;][et_pb_image src=&#8220;https:\/\/www.test.levo.ch\/wp-content\/uploads\/2023\/06\/Combi_750x750_seat.png&#8220; title_text=&#8220;Combi_750x750_seat&#8220; align=&#8220;right&#8220; _builder_version=&#8220;4.27.2&#8243; _module_preset=&#8220;default&#8220; transform_translate_linked=&#8220;off&#8220; custom_margin=&#8220;||||false|false&#8220; scroll_vertical_motion=&#8220;0|100|100|100|4|0|-4&#8243; scroll_horizontal_motion=&#8220;12|84|84|84|4|0|-4&#8243; scroll_blur=&#8220;0|17|84|100|10|0|0&#8243; global_colors_info=&#8220;{}&#8220;][\/et_pb_image][\/et_pb_column][\/et_pb_row][\/et_pb_section][et_pb_section fb_built=&#8220;1&#8243; _builder_version=&#8220;4.27.4&#8243; _module_preset=&#8220;default&#8220; background_enable_color=&#8220;off&#8220; global_colors_info=&#8220;{}&#8220;][et_pb_row _builder_version=&#8220;4.27.0&#8243; _module_preset=&#8220;default&#8220; global_colors_info=&#8220;{}&#8220;][et_pb_column type=&#8220;4_4&#8243; _builder_version=&#8220;4.27.0&#8243; _module_preset=&#8220;default&#8220; global_colors_info=&#8220;{}&#8220;][et_pb_text admin_label=&#8220;Text&#8220; _builder_version=&#8220;4.27.4&#8243; _module_preset=&#8220;default&#8220; text_font=&#8220;Montserrat|||on|||||&#8220; text_text_color=&#8220;#000000&#8243; text_font_size=&#8220;45px&#8220; text_line_height=&#8220;1.8em&#8220; header_font=&#8220;Montserrat|700||on|||||&#8220; header_font_size=&#8220;60px&#8220; text_orientation=&#8220;center&#8220; custom_padding=&#8220;0px||||false|false&#8220; custom_padding_tablet=&#8220;0px||||false|false&#8220; custom_padding_phone=&#8220;100px||||false|false&#8220; custom_padding_last_edited=&#8220;on|desktop&#8220; text_font_size_tablet=&#8220;40px&#8220; text_font_size_phone=&#8220;40px&#8220; text_font_size_last_edited=&#8220;on|tablet&#8220; header_font_size_tablet=&#8220;60px&#8220; header_font_size_phone=&#8220;40px&#8220; header_font_size_last_edited=&#8220;on|desktop&#8220; global_colors_info=&#8220;{}&#8220;]<\/p>\n<p><span style=\"color: #000000;\">Ein Rollstuhl \u00fcberall,<\/span> <span style=\"color: #ff0000;\">jeden<\/span> <span style=\"color: #000000;\">Tag<\/span><\/p>\n<p>[\/et_pb_text][\/et_pb_column][\/et_pb_row][\/et_pb_section][et_pb_section fb_built=&#8220;1&#8243; admin_label=&#8220;Features&#8220; _builder_version=&#8220;4.16&#8243; _module_preset=&#8220;default&#8220; global_colors_info=&#8220;{}&#8220;][et_pb_row column_structure=&#8220;1_2,1_2&#8243; admin_label=&#8220;Reihe&#8220; _builder_version=&#8220;4.21.0&#8243; _module_preset=&#8220;default&#8220; z_index=&#8220;0&#8243; custom_margin=&#8220;0px||||false|false&#8220; custom_padding=&#8220;91px||||false|false&#8220; global_colors_info=&#8220;{}&#8220;][et_pb_column type=&#8220;1_2&#8243; _builder_version=&#8220;4.16&#8243; _module_preset=&#8220;default&#8220; global_colors_info=&#8220;{}&#8220;][et_pb_text _builder_version=&#8220;4.27.0&#8243; _module_preset=&#8220;default&#8220; text_font_size=&#8220;20px&#8220; text_line_height=&#8220;1.3em&#8220; custom_margin=&#8220;||76px||false|false&#8220; global_colors_info=&#8220;{}&#8220;]<\/p>\n<p>Der Combi wird standardm\u00e4\u00dfig mit dem Curtiss-Wright (CW) R-net Steuerungssystem ausgeliefert. Dieses leistungsstarke System hat sich in Bezug auf Sicherheit und Langlebigkeit bew\u00e4hrt. <\/p>\n<p>R-net ist anpassungsf\u00e4hig und erweiterbar mit Modulen f\u00fcr Beleuchtung und multiple Sitzfunktionen, Begleitpersonensteuerung, Umgebungssteuerung und sogar Gyroskop*.<\/p>\n<p>R-Net kann mit verschiedenen Fahrprofilen und Steuerungsmodi programmiert werden, um es auf den Endnutzer zuzuschneiden und das ultimative Rollstuhlfahr-Erlebnis zu bieten. Wann immer ein spezielles Eingabeger\u00e4t zur Steuerung des Rollstuhls und\/oder anderer Funktionen ben\u00f6tigt wird, kann R-Net \u00fcber Omni mit diesen verschiedenen Ger\u00e4ten kommunizieren. Omni ist das generische Schnittstellenmodul f\u00fcr die Rollstuhlsteuerung, wenn die Standardsteuerung nicht offensichtlich ist. Bitte folgen Sie diesem <a href=\"https:\/\/www.levo.ch\/de\/produkte\/spezielle-steuerungen\/\">Link<\/a>, um mehr \u00fcber die speziellen Steuerungen zu erfahren, die LEVO Ihnen anbieten kann.   <\/p>\n<p>[\/et_pb_text][\/et_pb_column][et_pb_column type=&#8220;1_2&#8243; _builder_version=&#8220;4.16&#8243; _module_preset=&#8220;default&#8220; global_colors_info=&#8220;{}&#8220;][et_pb_image src=&#8220;https:\/\/www.test.levo.ch\/wp-content\/uploads\/2023\/06\/RNET.jpg&#8220; title_text=&#8220;RNET&#8220; align=&#8220;center&#8220; _builder_version=&#8220;4.27.0&#8243; _module_preset=&#8220;default&#8220; global_colors_info=&#8220;{}&#8220;][\/et_pb_image][\/et_pb_column][\/et_pb_row][\/et_pb_section][et_pb_section fb_built=&#8220;1&#8243; admin_label=&#8220;Tabs&#8220; _builder_version=&#8220;4.27.2&#8243; _module_preset=&#8220;default&#8220; background_color=&#8220;#D6D6D6&#8243; custom_margin=&#8220;||||false|false&#8220; custom_padding=&#8220;||||false|false&#8220; sticky_limit_bottom=&#8220;body&#8220; global_colors_info=&#8220;{}&#8220;][et_pb_row _builder_version=&#8220;4.27.0&#8243; _module_preset=&#8220;default&#8220; custom_padding=&#8220;50px||50px||false|false&#8220; global_colors_info=&#8220;{}&#8220;][et_pb_column type=&#8220;4_4&#8243; admin_label=&#8220;Spalte&#8220; _builder_version=&#8220;4.21.0&#8243; _module_preset=&#8220;default&#8220; global_colors_info=&#8220;{}&#8220;][dsm_advanced_tabs dsm_show_arrow=&#8220;on&#8220; dsm_inner_content_animation=&#8220;zoomIn&#8220; dsm_tabs_gap=&#8220;0px&#8220; dsm_tabs_bg_color=&#8220;#000000&#8243; dsm_tabs_text_color=&#8220;#FFFFFF&#8220; dsm_tabs_active_text_color=&#8220;#000000&#8243; dsm_tabs_wrapper_width=&#8220;100%&#8220; dsm_show_arrow_tablet=&#8220;on&#8220; dsm_show_arrow_phone=&#8220;off&#8220; dsm_show_arrow_last_edited=&#8220;on|phone&#8220; _builder_version=&#8220;4.27.0&#8243; _module_preset=&#8220;default&#8220; tab_title_font=&#8220;Montserrat|||on|||||&#8220; tab_title_text_align=&#8220;left&#8220; tab_title_font_size=&#8220;16px&#8220; content_title_font=&#8220;Montserrat||||||||&#8220; tab_content_text_font=&#8220;Montserrat|700|||||||&#8220; tab_content_text_font_size=&#8220;19px&#8220; background_color=&#8220;#000000&#8243; global_colors_info=&#8220;{}&#8220;][dsm_advanced_tabs_child dsm_title=&#8220;Antriebseinheit&#8220; dsm_content=&#8220;<\/p>\n<ul>\n<li>Kompakte Gr\u00f6\u00dfe und Gewicht mit exzellenter Leistungsman\u00f6vrierf\u00e4higkeit, Ansprechverhalten und Traktion<\/li>\n<li>Mittelradantrieb bietet den kleinsten Wendekreis<\/li>\n<li>Stabiles und sicheres Fahren in sitzender oder stehender Position (programmiert f\u00fcr kontrollierte Stehgeschwindigkeit)<\/li>\n<li>Sicheres und effektives Befahren von Rampen bis zu 10\u00b0<\/li>\n<li>Vielf\u00e4ltige Programmieroptionen f\u00fcr maximale Auswahl<\/li>\n<li>Fl\u00fcsterleiser Antriebs- und Sitzbetrieb<\/li>\n<\/ul>\n<p>&#8220; _builder_version=&#8220;4.27.0&#8243; _module_preset=&#8220;default&#8220; tab_content_text_text_color=&#8220;#FFFFFF&#8220; background_color=&#8220;#E02B20&#8243; background_enable_color=&#8220;on&#8220; global_colors_info=&#8220;{}&#8220; parentOrderClass=&#8220;dsm_advanced_tabs_0&#8243;][\/dsm_advanced_tabs_child][dsm_advanced_tabs_child dsm_title=&#8220;Lichter&#8220; dsm_content=&#8220;<\/p>\n<ul>\n<li>Benutzerfreundliche, einfache Handhabung<\/li>\n<li>Sanfte Sitz-\/Stehpositionierungsbewegung<\/li>\n<li>Kompakte Man\u00f6vrierf\u00e4higkeit f\u00fcr enge R\u00e4ume<\/li>\n<li>Sichere und zuverl\u00e4ssige Aufstehfunktion mit Erhebung in alle Winkel zwischen Sitzen und 85\u00b0 Stehen<\/li>\n<li>Einstellbar f\u00fcr Ober- und Unterschenkel, Fu\u00dfposition und R\u00fcckenwinkel<\/li>\n<li>Max. Benutzergewicht bis zu 120 kg <\/li>\n<li>Breites Spektrum und Stil von Optionen, Zubeh\u00f6r und Steuerschaltern<\/li>\n<li>Mehrere Farboptionen<\/li>\n<li>Einfache Zug\u00e4nglichkeit f\u00fcr Wartung und Service-Updates<\/li>\n<li>Zertifikate: T\u00dcV, CERAH, HI, FDA\/510(k), Crashtest<\/li>\n<\/ul>\n<p>&#8220; _builder_version=&#8220;4.27.0&#8243; _module_preset=&#8220;default&#8220; tab_content_text_text_color=&#8220;#FFFFFF&#8220; background_color=&#8220;#E02B20&#8243; background_enable_color=&#8220;on&#8220; global_colors_info=&#8220;{}&#8220; parentOrderClass=&#8220;dsm_advanced_tabs_0&#8243;][\/dsm_advanced_tabs_child][dsm_advanced_tabs_child dsm_title=&#8220;Sitzen und Stehen&#8220; dsm_content=&#8220;<\/p>\n<ul>\n<li>Pr\u00e4zise konstruiertes Stuhldesign f\u00fcr au\u00dfergew\u00f6hnlich sanften und reibungsarmen \u00dcbergang zwischen allen Steh- und Sitzfunktionen<\/li>\n<li>Automatische R\u00fccken- und Knieanpassung mit geringer Scherfunktion<\/li>\n<li>Stehen, Sitz- und R\u00fcckenwinkelverstellung, Sitzlift, Neigung, R\u00fcckenlehnenverstellung<\/li>\n<li>Ma\u00dfgeschneiderte Anpassung an individuelle K\u00f6rpermechanik und Stuhldesign<\/li>\n<li>Zahlreiche gesundheitliche Vorteile durch h\u00e4ufigeres Stehen<\/li>\n<\/ul>\n<p>&#8220; _builder_version=&#8220;4.27.0&#8243; _module_preset=&#8220;default&#8220; tab_content_text_text_color=&#8220;#FFFFFF&#8220; background_color=&#8220;#E02B20&#8243; background_enable_color=&#8220;on&#8220; global_colors_info=&#8220;{}&#8220; parentOrderClass=&#8220;dsm_advanced_tabs_0&#8243;][\/dsm_advanced_tabs_child][dsm_advanced_tabs_child dsm_title=&#8220;Standardkonfiguration&#8220; dsm_content=&#8220;<\/p>\n<ul>\n<li>R\u00fcckenlehnenpolsterung<\/li>\n<li>Hochklappbare Armlehnen, h\u00f6henverstellbar<\/li>\n<li>Hochklappbare Fu\u00dfst\u00fctze<\/li>\n<li>Kniest\u00fctze und Brustgurt<\/li>\n<li>H\u00f6henverstellbare R\u00fcckenlehne<\/li>\n<li>Manuelle Sitzh\u00f6henverstellung<\/li>\n<li>Elektrische Aufstehfunktion<\/li>\n<li>Elektrisches Fahren im Sitzen und Stehen<\/li>\n<li>Elektrische Liegen-Stehen-Direktfunktion, wenn Option R\u00fcckenlehnenverstellung enthalten<\/li>\n<li>Satz Batterien und Ladeger\u00e4t<\/li>\n<li>R-net Steuerungssystem<\/li>\n<\/ul>\n<p>&#8220; _builder_version=&#8220;4.27.0&#8243; _module_preset=&#8220;default&#8220; tab_content_text_text_color=&#8220;#FFFFFF&#8220; background_color=&#8220;#E02B20&#8243; background_enable_color=&#8220;on&#8220; global_colors_info=&#8220;{}&#8220; parentOrderClass=&#8220;dsm_advanced_tabs_0&#8243;][\/dsm_advanced_tabs_child][dsm_advanced_tabs_child dsm_title=&#8220;Optionen und Zubeh\u00f6r&#8220; dsm_content=&#8220;<\/p>\n<ul>\n<li>Schwenkbarer Joystick<\/li>\n<li>Beleuchtung und Blinker<\/li>\n<li>V-Trak R\u00fcckensystem<\/li>\n<li>V-Trak Kopf- und Thoraxst\u00fctze<\/li>\n<li>Elektrischer Sitzlift 15 cm<\/li>\n<li>Elektrisch verstellbare R\u00fcckenlehne\/Beinst\u00fctze 90\u2013180\u00b0<\/li>\n<li>Schaumstoffsitzkissen<\/li>\n<li>Sortierte Kniest\u00fctzen und Fu\u00dfst\u00fctzenkeile<\/li>\n<li>Brustrolle<\/li>\n<li>Tablettaufsatz<\/li>\n<li>Seitenschutz<\/li>\n<li>Fahrzeug-Befestigungsset<\/li>\n<li>Schiebegriffstange<\/li>\n<li>&#8230; vieles mehr auf Anfrage<\/li>\n<\/ul>\n<p>&#8220; _builder_version=&#8220;4.27.0&#8243; _module_preset=&#8220;default&#8220; tab_content_text_text_color=&#8220;#FFFFFF&#8220; background_color=&#8220;#E02B20&#8243; background_enable_color=&#8220;on&#8220; global_colors_info=&#8220;{}&#8220; parentOrderClass=&#8220;dsm_advanced_tabs_0&#8243;][\/dsm_advanced_tabs_child][\/dsm_advanced_tabs][\/et_pb_column][\/et_pb_row][\/et_pb_section][et_pb_section fb_built=&#8220;1&#8243; admin_label=&#8220;Downloads&#8220; _builder_version=&#8220;4.27.2&#8243; _module_preset=&#8220;default&#8220; background_color=&#8220;#D6D6D6&#8243; custom_margin=&#8220;||0px||false|false&#8220; custom_padding=&#8220;||60px||false|false&#8220; box_shadow_style=&#8220;preset3&#8243; global_colors_info=&#8220;{}&#8220;][et_pb_row _builder_version=&#8220;4.27.0&#8243; _module_preset=&#8220;default&#8220; global_colors_info=&#8220;{}&#8220;][et_pb_column type=&#8220;4_4&#8243; _builder_version=&#8220;4.27.0&#8243; _module_preset=&#8220;default&#8220; global_colors_info=&#8220;{}&#8220;][et_pb_text _builder_version=&#8220;4.27.4&#8243; _module_preset=&#8220;default&#8220; text_font=&#8220;Montserrat||||||||&#8220; text_text_color=&#8220;#000000&#8243; text_font_size=&#8220;35px&#8220; text_orientation=&#8220;center&#8220; custom_margin=&#8220;40px||||false|false&#8220; hover_enabled=&#8220;0&#8243; global_colors_info=&#8220;{}&#8220; text_line_height_last_edited=&#8220;on|phone&#8220; text_line_height_phone=&#8220;1.8em&#8220; sticky_enabled=&#8220;0&#8243;]<\/p>\n<p>Downloads f\u00fcr Combi und Combi Junior<\/p>\n<p>[\/et_pb_text][divi_wpfd_file_category category_id=&#8220;{%22categoryId%22:%22297%22,%22categoryPath%22:%22EN&#8212;COMBI_EN%22}&#8220; _builder_version=&#8220;4.27.3&#8243; _module_preset=&#8220;default&#8220; global_colors_info=&#8220;{}&#8220;][\/divi_wpfd_file_category][\/et_pb_column][\/et_pb_row][\/et_pb_section][et_pb_section fb_built=&#8220;1&#8243; admin_label=&#8220;Images&#8220; _builder_version=&#8220;4.27.2&#8243; _module_preset=&#8220;default&#8220; background_enable_color=&#8220;off&#8220; global_colors_info=&#8220;{%22gcid-d116008b-ce49-46ea-9433-049c9562a0bc%22:%91%22background_color%22%93}&#8220;][et_pb_row _builder_version=&#8220;4.21.0&#8243; _module_preset=&#8220;default&#8220; global_colors_info=&#8220;{}&#8220;][et_pb_column type=&#8220;4_4&#8243; admin_label=&#8220;Spalte&#8220; _builder_version=&#8220;4.21.0&#8243; _module_preset=&#8220;default&#8220; global_colors_info=&#8220;{}&#8220;][dsm_image_carousel gallery_ids=&#8220;1180,1181,1182,1183,1184,1185&#8243; sizes=&#8220;large&#8220; slider_effect=&#8220;cube&#8220; centered_slides=&#8220;on&#8220; slide_to_show=&#8220;3&#8243; speed=&#8220;2000&#8243; pause_on_hover=&#8220;on&#8220; show_lightbox=&#8220;on&#8220; _builder_version=&#8220;4.27.2&#8243; _module_preset=&#8220;default&#8220; custom_padding=&#8220;50px||50px||false|false&#8220; global_colors_info=&#8220;{}&#8220;][\/dsm_image_carousel][\/et_pb_column][\/et_pb_row][\/et_pb_section]<\/p>\n","protected":false},"excerpt":{"rendered":"<p>LEVO COMBI Sie ben\u00f6tigen ein elektrisches Mobilit\u00e4tsger\u00e4t, w\u00fcnschen sich aber einen ma\u00dfgefertigten Rollstuhl, der sich in Ihren Alltag und Ihre Umgebung einf\u00fcgt? Hier ist der LEVO Combi. Der perfekte Mittelrad-Elektrorollstuhl mit Stehfunktion. Ein Design, das Man\u00f6vrierf\u00e4higkeit, Wendekreis und Gesamttraktion f\u00fcr die H\u00f6hen und Tiefen des Lebens maximiert. Das Sitzsystem auf der elektrischen Basis ist die beste Kombination aus Sitzen, Stehen und Neigen, die in der Branche angeboten wird. Sie k\u00f6nnen sogar direkt von der vollen Liegeposition in die vollst\u00e4ndige Stehposition wechseln \u2013 sanft, sicher und mit der M\u00f6glichkeit, an jedem Punkt dazwischen anzuhalten. In jeder Position k\u00f6nnen Sie sich mit elektrischer Mobilit\u00e4t in der Welt bewegen \u2013 fahren, wenden, r\u00fcckw\u00e4rtsfahren \u2013 und das alles in jeder der vielf\u00e4ltigen und individuell angepassten Sitzpositionen, die Sie f\u00fcr Ihren Rollstuhl w\u00e4hlen. Der LEVO Combi man\u00f6vriert m\u00fchelos in Ihrem Zuhause, an Ihrem Arbeitsplatz, in Innenr\u00e4umen und im Freien, wobei stets Stabilit\u00e4t, Sicherheit und vielf\u00e4ltige Sitz- und Stehpositionen gew\u00e4hrleistet sind, um Ihre Lebensqualit\u00e4t zu verbessern und zu verl\u00e4ngern. Ein Rollstuhl \u00fcberall, jeden TagDer Combi wird standardm\u00e4\u00dfig mit dem Curtiss-Wright (CW) R-net Steuerungssystem ausgeliefert. Dieses leistungsstarke System hat sich in Bezug auf Sicherheit und Langlebigkeit bew\u00e4hrt. R-net ist anpassungsf\u00e4hig und erweiterbar mit Modulen f\u00fcr Beleuchtung und [&hellip;]<\/p>\n","protected":false},"author":1,"featured_media":0,"parent":6400,"menu_order":6,"comment_status":"closed","ping_status":"closed","template":"","meta":{"_et_pb_use_builder":"on","_et_pb_old_content":"","_et_gb_content_width":"","footnotes":""},"class_list":["post-6425","page","type-page","status-publish","hentry"],"_links":{"self":[{"href":"https:\/\/www.levo.ch\/de\/wp-json\/wp\/v2\/pages\/6425","targetHints":{"allow":["GET"]}}],"collection":[{"href":"https:\/\/www.levo.ch\/de\/wp-json\/wp\/v2\/pages"}],"about":[{"href":"https:\/\/www.levo.ch\/de\/wp-json\/wp\/v2\/types\/page"}],"author":[{"embeddable":true,"href":"https:\/\/www.levo.ch\/de\/wp-json\/wp\/v2\/users\/1"}],"replies":[{"embeddable":true,"href":"https:\/\/www.levo.ch\/de\/wp-json\/wp\/v2\/comments?post=6425"}],"version-history":[{"count":4,"href":"https:\/\/www.levo.ch\/de\/wp-json\/wp\/v2\/pages\/6425\/revisions"}],"predecessor-version":[{"id":6430,"href":"https:\/\/www.levo.ch\/de\/wp-json\/wp\/v2\/pages\/6425\/revisions\/6430"}],"up":[{"embeddable":true,"href":"https:\/\/www.levo.ch\/de\/wp-json\/wp\/v2\/pages\/6400"}],"wp:attachment":[{"href":"https:\/\/www.levo.ch\/de\/wp-json\/wp\/v2\/media?parent=6425"}],"curies":[{"name":"wp","href":"https:\/\/api.w.org\/{rel}","templated":true}]}}