{"id":6410,"date":"2024-11-22T17:52:23","date_gmt":"2024-11-22T16:52:23","guid":{"rendered":"https:\/\/www.levo.ch\/produkte\/summit-ma\/"},"modified":"2025-04-25T14:14:52","modified_gmt":"2025-04-25T13:14:52","slug":"summit-ma","status":"publish","type":"page","link":"https:\/\/www.levo.ch\/de\/produkte\/summit-ma\/","title":{"rendered":"Summit MA"},"content":{"rendered":"<p>[et_pb_section fb_built=&#8220;1&#8243; custom_padding_last_edited=&#8220;on|phone&#8220; prev_background_color=&#8220;#ffffff&#8220; admin_label=&#8220;Header&#8220; _builder_version=&#8220;4.27.4&#8243; _module_preset=&#8220;default&#8220; background_enable_color=&#8220;off&#8220; use_background_color_gradient=&#8220;on&#8220; background_color_gradient_stops=&#8220;#d6d6d6 0%|#ffffff 100%&#8220; background_enable_image=&#8220;off&#8220; custom_padding=&#8220;||||false|false&#8220; custom_padding_tablet=&#8220;||||false|false&#8220; custom_padding_phone=&#8220;||600px||false|false&#8220; top_divider_style=&#8220;wave2&#8243; global_colors_info=&#8220;{}&#8220;][et_pb_row column_structure=&#8220;2_5,3_5&#8243; use_custom_gutter=&#8220;on&#8220; admin_label=&#8220;Reihe&#8220; _builder_version=&#8220;4.27.4&#8243; _module_preset=&#8220;default&#8220; locked=&#8220;off&#8220; global_colors_info=&#8220;{}&#8220;][et_pb_column type=&#8220;2_5&#8243; _builder_version=&#8220;4.27.4&#8243; _module_preset=&#8220;default&#8220; custom_padding=&#8220;||||false|false&#8220; global_colors_info=&#8220;{}&#8220;][et_pb_text admin_label=&#8220;Text&#8220; _builder_version=&#8220;4.27.4&#8243; _module_preset=&#8220;default&#8220; text_font_size=&#8220;20px&#8220; text_line_height=&#8220;1.3em&#8220; header_font=&#8220;Montserrat||||||||&#8220; header_text_align=&#8220;left&#8220; header_font_size=&#8220;45px&#8220; custom_margin=&#8220;60px||||false|false&#8220; header_font_size_tablet=&#8220;40px&#8220; header_font_size_phone=&#8220;40px&#8220; header_font_size_last_edited=&#8220;on|phone&#8220; global_colors_info=&#8220;{}&#8220;]<\/p>\n<h1>LEVO <span style=\"color: #ff0000;\">SUMMIT MA<\/span><\/h1>\n<p>&nbsp;<\/p>\n<p>Das &#8222;MA&#8220;, welches f\u00fcr 100% manuell steht, kennzeichnet den LEVO Summit MA als die manuelle Version der LEVO Summit-Serie.<\/p>\n<p>Der LEVO Summit MA geh\u00f6rt weltweit zu den aktivsten und leichtesten Stehrollst\u00fchlen mit mechanisierter Stehunterst\u00fctzung.<\/p>\n<p>Das bew\u00e4hrte Stehsystem erm\u00f6glicht es Ihnen, von der sitzenden in die stehende Position oder jede beliebige Zwischenposition zu gelangen. Dank seiner kompakten Abmessungen ist der LEVO Summit MA der perfekte Begleiter f\u00fcr die Mobilit\u00e4t in Innenr\u00e4umen und im Freien. <\/p>\n<p>[\/et_pb_text][\/et_pb_column][et_pb_column type=&#8220;3_5&#8243; _builder_version=&#8220;4.27.4&#8243; _module_preset=&#8220;default&#8220; global_colors_info=&#8220;{}&#8220;][et_pb_image src=&#8220;https:\/\/www.test.levo.ch\/wp-content\/uploads\/2024\/11\/Summit-MA-stehend.png&#8220; title_text=&#8220;Summit MA &#8211; stehend&#8220; show_bottom_space=&#8220;off&#8220; align=&#8220;right&#8220; align_tablet=&#8220;right&#8220; align_phone=&#8220;right&#8220; align_last_edited=&#8220;on|phone&#8220; _builder_version=&#8220;4.27.4&#8243; _module_preset=&#8220;default&#8220; transform_translate_linked=&#8220;off&#8220; width=&#8220;60%&#8220; min_height_tablet=&#8220;&#8220; min_height_phone=&#8220;&#8220; min_height_last_edited=&#8220;on|phone&#8220; height_tablet=&#8220;&#8220; height_phone=&#8220;&#8220; height_last_edited=&#8220;on|phone&#8220; custom_margin=&#8220;||0px||false|false&#8220; custom_margin_tablet=&#8220;||||false|false&#8220; custom_margin_phone=&#8220;||||false|false&#8220; custom_margin_last_edited=&#8220;on|desktop&#8220; scroll_vertical_motion=&#8220;0|100|100|100|4|0|-4&#8243; scroll_horizontal_motion=&#8220;0|50|50|100|-7|0|2&#8243; scroll_blur=&#8220;0|17|84|100|10|0|0&#8243; module_alignment_tablet=&#8220;&#8220; module_alignment_phone=&#8220;&#8220; module_alignment_last_edited=&#8220;on|phone&#8220; global_colors_info=&#8220;{}&#8220;][\/et_pb_image][\/et_pb_column][\/et_pb_row][\/et_pb_section][et_pb_section fb_built=&#8220;1&#8243; admin_label=&#8220;Simply straight standing&#8220; _builder_version=&#8220;4.27.2&#8243; _module_preset=&#8220;default&#8220; background_enable_color=&#8220;off&#8220; custom_margin=&#8220;||||false|false&#8220; custom_padding=&#8220;||6px||false|false&#8220; global_colors_info=&#8220;{}&#8220;][et_pb_row _builder_version=&#8220;4.27.0&#8243; _module_preset=&#8220;default&#8220; global_colors_info=&#8220;{}&#8220;][et_pb_column type=&#8220;4_4&#8243; _builder_version=&#8220;4.21.0&#8243; _module_preset=&#8220;default&#8220; global_colors_info=&#8220;{}&#8220;][et_pb_text _builder_version=&#8220;4.27.4&#8243; _module_preset=&#8220;default&#8220; text_font=&#8220;Montserrat||||||||&#8220; text_text_color=&#8220;#000000&#8243; text_font_size=&#8220;60px&#8220; text_line_height=&#8220;1.8em&#8220; header_text_align=&#8220;center&#8220; header_font_size=&#8220;50px&#8220; custom_padding=&#8220;55px||61px||false|false&#8220; text_font_size_tablet=&#8220;60px&#8220; text_font_size_phone=&#8220;50px&#8220; text_font_size_last_edited=&#8220;on|phone&#8220; global_colors_info=&#8220;{}&#8220;]<\/p>\n<p style=\"text-align: center;\"> <span style=\"color: #000000;\">EINFACH <span style=\"color: #ff0000;\">AUFRECHT<\/span> STEHEN!<\/span><\/p>\n<p>[\/et_pb_text][\/et_pb_column][\/et_pb_row][\/et_pb_section][et_pb_section fb_built=&#8220;1&#8243; admin_label=&#8220;Tabs&#8220; _builder_version=&#8220;4.27.4&#8243; _module_preset=&#8220;default&#8220; background_color=&#8220;#D6D6D6&#8243; custom_margin=&#8220;||||false|false&#8220; custom_padding=&#8220;50px||50px||false|false&#8220; sticky_limit_bottom=&#8220;body&#8220; global_colors_info=&#8220;{}&#8220;][et_pb_row _builder_version=&#8220;4.27.4&#8243; _module_preset=&#8220;default&#8220; background_color=&#8220;#000000&#8243; custom_padding=&#8220;||||false|false&#8220; global_colors_info=&#8220;{}&#8220;][et_pb_column type=&#8220;4_4&#8243; admin_label=&#8220;Spalte&#8220; _builder_version=&#8220;4.21.0&#8243; _module_preset=&#8220;default&#8220; global_colors_info=&#8220;{}&#8220;][dsm_advanced_tabs dsm_show_arrow=&#8220;on&#8220; dsm_inner_content_animation=&#8220;zoomIn&#8220; dsm_tabs_gap=&#8220;0px&#8220; dsm_tabs_bg_color=&#8220;#000000&#8243; dsm_tabs_text_color=&#8220;#FFFFFF&#8220; dsm_tabs_active_text_color=&#8220;#000000&#8243; dsm_tabs_wrapper_width=&#8220;100%&#8220; dsm_show_arrow_tablet=&#8220;on&#8220; dsm_show_arrow_phone=&#8220;off&#8220; dsm_show_arrow_last_edited=&#8220;on|phone&#8220; admin_label=&#8220;Supreme Advanced Tabs&#8220; _builder_version=&#8220;4.27.4&#8243; _module_preset=&#8220;default&#8220; tab_title_font=&#8220;Montserrat|||on|||||&#8220; tab_title_text_align=&#8220;left&#8220; tab_title_font_size=&#8220;16px&#8220; content_title_font=&#8220;Montserrat||||||||&#8220; tab_content_text_font=&#8220;Montserrat|700|||||||&#8220; tab_content_text_font_size=&#8220;19px&#8220; global_colors_info=&#8220;{}&#8220;][dsm_advanced_tabs_child dsm_title=&#8220;Lichter&#8220; dsm_content=&#8220;<\/p>\n<ul>\n<li>Gewicht von lediglich 21 kg<\/li>\n<li>Maximale Gewichtskapazit\u00e4t 125 kg <\/li>\n<li>Automatische R\u00fcckenlehnen-Kompensation %22ABC%22 f\u00fcr ergonomisch korrektes Stehen<\/li>\n<li>Kompakter aktiver Antrieb<\/li>\n<li>Einfach konfigurierbar und an individuelle Bed\u00fcrfnisse anpassbar<\/li>\n<li>Umwandelbar von manuell\/manuell zu manuell\/elektrisch<\/li>\n<li>Einfacher Transfer<\/li>\n<li>Leichter Transport<\/li>\n<\/ul>\n<p>&#8220; _builder_version=&#8220;4.27.4&#8243; _module_preset=&#8220;default&#8220; tab_content_text_text_color=&#8220;#FFFFFF&#8220; background_color=&#8220;#E02B20&#8243; background_enable_color=&#8220;on&#8220; global_colors_info=&#8220;{}&#8220; parentOrderClass=&#8220;dsm_advanced_tabs_0&#8243;][\/dsm_advanced_tabs_child][dsm_advanced_tabs_child dsm_title=&#8220;Eigenschaften&#8220; dsm_content=&#8220;<\/p>\n<ul>\n<li>Wendig, Aktiv, Kompakt<\/li>\n<li>Hervorragende Fahreigenschaften im Innen- und Au\u00dfenbereich<\/li>\n<li>Bequeme Schnellverschluss-Hinterr\u00e4der, Vorderr\u00e4der und eine faltbare R\u00fcckenlehne f\u00fcr einfachen Fahrzeugtransport<\/li>\n<li>Einfache und schnelle Anpassung an individuelle Pr\u00e4ferenzen<\/li>\n<li>Zubeh\u00f6r zur Gestaltung Ihres personalisierten Rollstuhls<\/li>\n<\/ul>\n<p>&#8220; _builder_version=&#8220;4.27.4&#8243; _module_preset=&#8220;default&#8220; tab_content_text_text_color=&#8220;#FFFFFF&#8220; background_color=&#8220;#E02B20&#8243; background_enable_color=&#8220;on&#8220; global_colors_info=&#8220;{}&#8220; parentOrderClass=&#8220;dsm_advanced_tabs_0&#8243;][\/dsm_advanced_tabs_child][dsm_advanced_tabs_child dsm_title=&#8220;Sitzen und Stehen&#8220; dsm_content=&#8220;<\/p>\n<ul>\n<li>Manuelle Stehfunktion, Gasfedern bewegen Sie in die kontrollierte Position<\/li>\n<li>Vollst\u00e4ndige Stehposition bis zu 86\u00b0<\/li>\n<li>Sitzen, Stehen &#8211; und jede Position dazwischen<\/li>\n<li>Sechs Bodenstabilit\u00e4tspunkte gew\u00e4hrleisten eine solide und sichere Stehposition<\/li>\n<li>Optimale und abgestimmte K\u00f6rpermechanik in allen Sitz- und Stehpositionen<\/li>\n<li>Zahlreiche gesundheitliche Vorteile durch h\u00e4ufigeres Stehen<\/li>\n<\/ul>\n<p>&#8220; _builder_version=&#8220;4.27.4&#8243; _module_preset=&#8220;default&#8220; tab_content_text_text_color=&#8220;#FFFFFF&#8220; background_color=&#8220;#E02B20&#8243; background_enable_color=&#8220;on&#8220; global_colors_info=&#8220;{}&#8220; parentOrderClass=&#8220;dsm_advanced_tabs_0&#8243;][\/dsm_advanced_tabs_child][dsm_advanced_tabs_child dsm_title=&#8220;Standardkonfiguration&#8220; dsm_content=&#8220;<\/p>\n<ul>\n<li>M\/M-Rollstuhl: manueller Antrieb, Sitzen und manuelle Stehfunktion<\/li>\n<li>Sitzplatte und R\u00fcckenlehnenpolsterung<\/li>\n<li>Armlehne mit integrierter Stehfunktion<\/li>\n<li>Armlehne in der L\u00e4nge der Sitztiefe und dem Zustand des Benutzers angepasst &#8211; passiv oder aktiv<\/li>\n<li>Armlehnen der Stehposition anpassbar<\/li>\n<li>Klappbare R\u00fcckenlehne<\/li>\n<li>Standardfarbe: Wei\u00df<\/li>\n<li>Detailfarbe: Karminrot<\/li>\n<li>Einfacher Transfer oder zweiteilige hochklappbare Fu\u00dfst\u00fctze<\/li>\n<li>Hinterr\u00e4der LEVO Active komplett mit schwarzen Luft- oder luftlosen Reifen <\/li>\n<li>Brustgurt und Sport- oder Standard-Kniest\u00fctze mit Keil<\/li>\n<\/ul>\n<p>&#8220; _builder_version=&#8220;4.27.4&#8243; _module_preset=&#8220;default&#8220; tab_content_text_text_color=&#8220;#FFFFFF&#8220; background_color=&#8220;#E02B20&#8243; background_enable_color=&#8220;on&#8220; global_colors_info=&#8220;{}&#8220; parentOrderClass=&#8220;dsm_advanced_tabs_0&#8243;][\/dsm_advanced_tabs_child][dsm_advanced_tabs_child dsm_title=&#8220;Optionen und Zubeh\u00f6r&#8220; dsm_content=&#8220;<\/p>\n<ul>\n<li>Anti-Kipp-Rollen<\/li>\n<li>Kippschutz<\/li>\n<li>R\u00fcckenlehnen-Verl\u00e4ngerung<\/li>\n<li>Schiebegriffe<\/li>\n<li>Schiebegriff-Verl\u00e4ngerung<\/li>\n<li>Spinergy-R\u00e4der<\/li>\n<li>V-Trak-R\u00fcckenlehne<\/li>\n<li>Sturz<\/li>\n<li>Speichenschutz<\/li>\n<li>&#8230;. Viele weitere auf Anfrage!!<\/li>\n<\/ul>\n<p>&#8220; _builder_version=&#8220;4.27.4&#8243; _module_preset=&#8220;default&#8220; tab_content_text_text_color=&#8220;#FFFFFF&#8220; background_color=&#8220;#E02B20&#8243; background_enable_color=&#8220;on&#8220; global_colors_info=&#8220;{}&#8220; parentOrderClass=&#8220;dsm_advanced_tabs_0&#8243;][\/dsm_advanced_tabs_child][\/dsm_advanced_tabs][\/et_pb_column][\/et_pb_row][\/et_pb_section][et_pb_section fb_built=&#8220;1&#8243; admin_label=&#8220;Downloads&#8220; _builder_version=&#8220;4.27.2&#8243; _module_preset=&#8220;default&#8220; background_color=&#8220;#D6D6D6&#8243; custom_margin=&#8220;||0px||false|false&#8220; custom_padding=&#8220;||60px||false|false&#8220; hover_enabled=&#8220;0&#8243; box_shadow_style=&#8220;preset3&#8243; global_colors_info=&#8220;{}&#8220; sticky_enabled=&#8220;0&#8243;][et_pb_row _builder_version=&#8220;4.21.0&#8243; _module_preset=&#8220;default&#8220; global_colors_info=&#8220;{}&#8220;][et_pb_column type=&#8220;4_4&#8243; admin_label=&#8220;Spalte&#8220; _builder_version=&#8220;4.21.0&#8243; _module_preset=&#8220;default&#8220; global_colors_info=&#8220;{}&#8220;][et_pb_text _builder_version=&#8220;4.27.4&#8243; _module_preset=&#8220;default&#8220; text_font=&#8220;Montserrat||||||||&#8220; text_text_color=&#8220;#000000&#8243; text_font_size=&#8220;35px&#8220; text_orientation=&#8220;center&#8220; custom_margin=&#8220;40px||||false|false&#8220; custom_padding=&#8220;||40px||false|false&#8220; hover_enabled=&#8220;0&#8243; text_line_height_tablet=&#8220;&#8220; text_line_height_phone=&#8220;1.8em&#8220; text_line_height_last_edited=&#8220;on|desktop&#8220; global_colors_info=&#8220;{}&#8220; sticky_enabled=&#8220;0&#8243;]<\/p>\n<p>Downloads f\u00fcr Summit MA<\/p>\n<p>[\/et_pb_text][divi_wpfd_file_category category_id=&#8220;{%22categoryId%22:%22295%22,%22categoryPath%22:%22EN&#8212;SUMMITM_EN%22}&#8220; admin_label=&#8220;WPFD File Category&#8220; _builder_version=&#8220;4.27.4&#8243; _module_preset=&#8220;default&#8220; hover_enabled=&#8220;0&#8243; global_colors_info=&#8220;{}&#8220; sticky_enabled=&#8220;0&#8243;][\/divi_wpfd_file_category][\/et_pb_column][\/et_pb_row][\/et_pb_section][et_pb_section fb_built=&#8220;1&#8243; admin_label=&#8220;Images&#8220; _builder_version=&#8220;4.27.2&#8243; _module_preset=&#8220;default&#8220; background_enable_color=&#8220;off&#8220; global_colors_info=&#8220;{%22gcid-d116008b-ce49-46ea-9433-049c9562a0bc%22:%91%22background_color%22%93}&#8220;][et_pb_row _builder_version=&#8220;4.27.2&#8243; _module_preset=&#8220;default&#8220; global_colors_info=&#8220;{}&#8220;][et_pb_column type=&#8220;4_4&#8243; _builder_version=&#8220;4.21.0&#8243; _module_preset=&#8220;default&#8220; global_colors_info=&#8220;{}&#8220;][dsm_image_carousel gallery_ids=&#8220;6023,4082&#8243; sizes=&#8220;large&#8220; slider_effect=&#8220;cube&#8220; speed=&#8220;2000&#8243; show_lightbox=&#8220;on&#8220; _builder_version=&#8220;4.27.4&#8243; _module_preset=&#8220;default&#8220; custom_padding=&#8220;50px||50px||false|false&#8220; hover_enabled=&#8220;0&#8243; global_colors_info=&#8220;{}&#8220; sticky_enabled=&#8220;0&#8243;][\/dsm_image_carousel][\/et_pb_column][\/et_pb_row][\/et_pb_section]<\/p>\n","protected":false},"excerpt":{"rendered":"<p>LEVO SUMMIT MA &nbsp; Das &#8222;MA&#8220;, welches f\u00fcr 100% manuell steht, kennzeichnet den LEVO Summit MA als die manuelle Version der LEVO Summit-Serie. Der LEVO Summit MA geh\u00f6rt weltweit zu den aktivsten und leichtesten Stehrollst\u00fchlen mit mechanisierter Stehunterst\u00fctzung. Das bew\u00e4hrte Stehsystem erm\u00f6glicht es Ihnen, von der sitzenden in die stehende Position oder jede beliebige Zwischenposition zu gelangen. Dank seiner kompakten Abmessungen ist der LEVO Summit MA der perfekte Begleiter f\u00fcr die Mobilit\u00e4t in Innenr\u00e4umen und im Freien. EINFACH AUFRECHT STEHEN!<div class=\"et_pb_module dsm_advanced_tabs dsm_advanced_tabs_0\">\n\t\t\t\t\n\t\t\t\t\n\t\t\t\t\n\t\t\t\t\n\t\t\t\t\n\t\t\t\t\n\t\t\t\t<div class=\"et_pb_module_inner\">\n\t\t\t\t\t<div class=\"dsm-advanced-tabs-container\" data-trigger=\"click\" data-animation=\"none\" data-inner_animation=\"zoomIn\" data-deep_link=\"off\" data-image_lightbox=\"off\" data-auto_scroll_mobile=\"off\" data-anchor_link=\"off\">\n\t\t\t\t    <div class=\"dsm-advanced-tabs-wrapper\" role=\"tablist\"><\/div>\n\t\t\t\t <div class=\"dsm-advanced-tabs-content-wrapper\">\n\t\t\t\t    \n\t\t\t\t <\/div>\n\t\t     <\/div>\n\t\t    \n\t\t\t\t<\/div>\n\t\t\t<\/div><div class=\"dsm-advanced-tab-item-wrapper dsm_advanced_tabs_child_0\">\n\t\t\t\t<\/div>\n\t\t\t<div class=\"dsm-advanced-tab-item-wrapper dsm_advanced_tabs_child_1\">\n\t\t\t\t<\/div>\n\t\t\t<div class=\"dsm-advanced-tab-item-wrapper dsm_advanced_tabs_child_2\">\n\t\t\t\t<\/div>\n\t\t\t<\/p>\n","protected":false},"author":1,"featured_media":0,"parent":6400,"menu_order":4,"comment_status":"closed","ping_status":"closed","template":"","meta":{"_et_pb_use_builder":"on","_et_pb_old_content":"","_et_gb_content_width":"","footnotes":""},"class_list":["post-6410","page","type-page","status-publish","hentry"],"_links":{"self":[{"href":"https:\/\/www.levo.ch\/de\/wp-json\/wp\/v2\/pages\/6410","targetHints":{"allow":["GET"]}}],"collection":[{"href":"https:\/\/www.levo.ch\/de\/wp-json\/wp\/v2\/pages"}],"about":[{"href":"https:\/\/www.levo.ch\/de\/wp-json\/wp\/v2\/types\/page"}],"author":[{"embeddable":true,"href":"https:\/\/www.levo.ch\/de\/wp-json\/wp\/v2\/users\/1"}],"replies":[{"embeddable":true,"href":"https:\/\/www.levo.ch\/de\/wp-json\/wp\/v2\/comments?post=6410"}],"version-history":[{"count":2,"href":"https:\/\/www.levo.ch\/de\/wp-json\/wp\/v2\/pages\/6410\/revisions"}],"predecessor-version":[{"id":6412,"href":"https:\/\/www.levo.ch\/de\/wp-json\/wp\/v2\/pages\/6410\/revisions\/6412"}],"up":[{"embeddable":true,"href":"https:\/\/www.levo.ch\/de\/wp-json\/wp\/v2\/pages\/6400"}],"wp:attachment":[{"href":"https:\/\/www.levo.ch\/de\/wp-json\/wp\/v2\/media?parent=6410"}],"curies":[{"name":"wp","href":"https:\/\/api.w.org\/{rel}","templated":true}]}}